{"id":9,"date":"2015-07-07T19:08:24","date_gmt":"2015-07-07T18:08:24","guid":{"rendered":"http:\/\/japan-touch.com\/2015\/?page_id=9"},"modified":"2025-06-03T14:14:31","modified_gmt":"2025-06-03T13:14:31","slug":"informations-pratiques","status":"publish","type":"page","link":"https:\/\/www.japan-touch.com\/toulouse\/informations-pratiques\/","title":{"rendered":"Informations pratiques"},"content":{"rendered":"<p>[et_pb_section fb_built=\u00a0\u00bb1&Prime; admin_label=\u00a0\u00bbsection\u00a0\u00bb _builder_version=\u00a0\u00bb4.16&Prime; custom_padding=\u00a0\u00bb6px|||||\u00a0\u00bb global_colors_info=\u00a0\u00bb{}\u00a0\u00bb][et_pb_row _builder_version=\u00a0\u00bb4.16&Prime; custom_padding=\u00a0\u00bb||5px|||\u00a0\u00bb global_colors_info=\u00a0\u00bb{}\u00a0\u00bb][et_pb_column type=\u00a0\u00bb4_4&Prime; _builder_version=\u00a0\u00bb4.16&Prime; global_colors_info=\u00a0\u00bb{}\u00a0\u00bb][et_pb_text _builder_version=\u00a0\u00bb4.16&Prime; header_font=\u00a0\u00bb|||on|||||\u00a0\u00bb global_colors_info=\u00a0\u00bb{}\u00a0\u00bb]<\/p>\n<h1><i class=\"fas fa-info\"><\/i> Informations pratiques<\/h1>\n<p>[\/et_pb_text][\/et_pb_column][\/et_pb_row][et_pb_row column_structure=\u00a0\u00bb3_5,2_5&Prime; admin_label=\u00a0\u00bbrow\u00a0\u00bb _builder_version=\u00a0\u00bb4.16&Prime; background_size=\u00a0\u00bbinitial\u00a0\u00bb background_position=\u00a0\u00bbtop_left\u00a0\u00bb background_repeat=\u00a0\u00bbrepeat\u00a0\u00bb global_colors_info=\u00a0\u00bb{}\u00a0\u00bb][et_pb_column type=\u00a0\u00bb3_5&Prime; _builder_version=\u00a0\u00bb4.16&Prime; custom_padding=\u00a0\u00bb|||\u00a0\u00bb global_colors_info=\u00a0\u00bb{}\u00a0\u00bb custom_padding__hover=\u00a0\u00bb|||\u00a0\u00bb][et_pb_text admin_label=\u00a0\u00bbText\u00a0\u00bb _builder_version=\u00a0\u00bb4.24.0&Prime; background_size=\u00a0\u00bbinitial\u00a0\u00bb background_position=\u00a0\u00bbtop_left\u00a0\u00bb background_repeat=\u00a0\u00bbrepeat\u00a0\u00bb hover_enabled=\u00a0\u00bb0&Prime; global_colors_info=\u00a0\u00bb{}\u00a0\u00bb sticky_enabled=\u00a0\u00bb0&Prime;]<\/p>\n<blockquote>\n<p><strong>LE JARDIN COMPANS-CAFFARELLI<\/strong><\/p>\n<p>PAVILLON DE THE DU JARDIN JAPONAIS \u00e0 TOULOUSE<\/p>\n<p><span style=\"font-size: 14px;\">Un <\/span><strong style=\"font-size: 14px;\">lieu magique<\/strong><span style=\"font-size: 14px;\"> particuli\u00e8rement bien desservi par tous les moyens de transport.<\/span><\/p>\n<\/blockquote>\n<h2><i class=\"fas fa-clock fa-1x\" aria-hidden=\"true\"><\/i> HORAIRES<\/h2>\n<p><strong>Samedi<\/strong> <strong>6<\/strong> septembre 2025 <strong>11h-20h<\/strong><br \/><strong>Dimanche 7<\/strong>\u00a0septembre 2025 : <strong>11h-19h<\/strong><\/p>\n<p>&nbsp;<\/p>\n<h2><i class=\"fas fa-rocket fa-1x\" aria-hidden=\"true\"><\/i> ACCESSIBILIT\u00c9<\/h2>\n<h3>Comment venir \u00e0 la Japan Touch TOULOUSE ?<\/h3>\n<p><i class=\"fas fa-car fa-2x\" aria-hidden=\"true\"><\/i> Tr\u00e8s facile d&rsquo;acc\u00e8s en <strong><span class=\"highlight one\">voiture<\/span><\/strong>, le jardin est \u00e0 10 min du centre-ville (place du Capitole), 8 min de la gare Toulouse Matabiau et 15 min de l\u2019a\u00e9roport Toulouse-Blagnac.<\/p>\n<p><i class=\"fas fa-subway fa-2x\" aria-hidden=\"true\"><\/i> <strong><span class=\"highlight one\">m\u00e9tro<\/span> <\/strong>(ligne B)<\/p>\n<p><i class=\"fas fa-bus fa-2x\" aria-hidden=\"true\"><\/i> <strong><span class=\"highlight one\">bus<\/span> <\/strong>(B31, B45, B63 et B130) \u00e0 proximit\u00e9, arr\u00eat Compans Caffarelli<\/p>\n<p><i class=\"fas fa-bicycle fa-2x\" aria-hidden=\"true\"><\/i> <strong>Station <span class=\"highlight one\">V\u00e9l\u00f4<\/span><\/strong> V\u00e9lOToulouse \u00e0 proximit\u00e9<\/p>\n<p><strong><i class=\"fas fa-parking fa-2x\" aria-hidden=\"true\"><\/i> Parking<\/strong> : Place de l&rsquo;Europe<\/p>\n<p><a href=\"https:\/\/www.japan-touch.com\/toulouse\/wp-content\/uploads\/sites\/3\/2024\/06\/Logements-JT-Toulouse-2024.pdf\"><strong>Liste des h\u00f4tels \u00e0 proximit\u00e9\u00a0<\/strong><\/a><\/p>\n<p>[\/et_pb_text][\/et_pb_column][et_pb_column type=\u00a0\u00bb2_5&Prime; _builder_version=\u00a0\u00bb4.16&Prime; custom_padding=\u00a0\u00bb|||\u00a0\u00bb global_colors_info=\u00a0\u00bb{}\u00a0\u00bb custom_padding__hover=\u00a0\u00bb|||\u00a0\u00bb][et_pb_image src=\u00a0\u00bbhttps:\/\/www.japan-touch.com\/toulouse\/wp-content\/uploads\/sites\/3\/2021\/08\/plan-JT-toulouse.jpg\u00a0\u00bb alt=\u00a0\u00bbplan JT toulouse\u00a0\u00bb title_text=\u00a0\u00bbplan JT toulouse\u00a0\u00bb _builder_version=\u00a0\u00bb4.16&Prime; global_colors_info=\u00a0\u00bb{}\u00a0\u00bb][\/et_pb_image][et_pb_text _builder_version=\u00a0\u00bb4.16&Prime; global_colors_info=\u00a0\u00bb{}\u00a0\u00bb]<\/p>\n<p><strong>JARDIN COMPANS-CAFFARELLI<\/strong><br \/> <i class=\"fas fa-map\"><\/i> Boulevard Lascrosses, 31100 Toulouse <\/p>\n<p>[\/et_pb_text][\/et_pb_column][\/et_pb_row][\/et_pb_section]<\/p>\n","protected":false},"excerpt":{"rendered":"<p>Informations pratiques LE JARDIN COMPANS-CAFFARELLI PAVILLON DE THE DU JARDIN JAPONAIS \u00e0 TOULOUSE Un lieu magique particuli\u00e8rement bien desservi par tous les moyens de transport. HORAIRES Samedi 6 septembre 2025 11h-20hDimanche 7\u00a0septembre 2025 : 11h-19h &nbsp; ACCESSIBILIT\u00c9 Comment venir \u00e0 la Japan Touch TOULOUSE ? Tr\u00e8s facile d&rsquo;acc\u00e8s en voiture, le jardin est \u00e0 10 [&hellip;]<\/p>\n","protected":false},"author":1,"featured_media":0,"parent":0,"menu_order":0,"comment_status":"closed","ping_status":"closed","template":"","meta":{"_acf_changed":false,"_et_pb_use_builder":"on","_et_pb_old_content":"[vc_row][vc_column width=\"1\/2\"][vc_column_text]\r\n<blockquote><strong>LE JARDIN COMPANS-CAFFARELLI<\/strong> &\u00a0PAVILLON DE THE DU JARDIN JAPONAIS \u00e0 TOULOUSE<\/blockquote>\r\nUn <strong>lieu magique<\/strong> particuli\u00e8rement bien desservi par tous les moyens de transport.\r\n<h2><span class=\"highlight one\">HORAIRES<\/span><\/h2>\r\n[vc_icon icon_fontawesome=\"fa fa-clock\"\u00a0 size=\"md\" align=\"left\"]<strong>Samedi<\/strong> 5 septembre 2020 : <strong>11h-20h<\/strong>\u00a0 &\r\n<strong>Dimanche<\/strong> 6 septembre 2020 : <strong>11h-19h<\/strong>\r\n\r\n\u00a0\r\n<h2><span class=\"highlight one\">ACCESSIBILIT\u00c9<\/span><\/h2>\r\n<h3>Comment venir \u00e0 la Japan Touch TOULOUSE ?<\/h3>\r\n<i class=\"fas fa-car fa-2x\"><\/i> Tr\u00e8s facile d'acc\u00e8s en <strong><span class=\"highlight one\">voiture<\/span><\/strong>, le jardin est \u00e0 10 min du centre-ville (place du Capitole), 8 min de la gare Toulouse Matabiau et 15 min de l\u2019a\u00e9roport Toulouse-Blagnac.\r\n\r\n<span style=\"text-decoration: underline\"><strong>En transports en commun :<\/strong><\/span>\r\n<i class=\"fas fa-subway fa-2x\"><\/i> <strong><span class=\"highlight one\">m\u00e9tro<\/span> <\/strong>(ligne B)\r\n\r\n<i class=\"fas fa-bus fa-2x\"><\/i> <strong><span class=\"highlight one\">bus<\/span> <\/strong>(B31, B45, B63 et B130) \u00e0 proximit\u00e9, arr\u00eat Compans Caffarelli\r\n\r\n<i class=\"fas fa-bicycle fa-2x\"><\/i> <strong>Station <span class=\"highlight one\">V\u00e9l\u00f4<\/span><\/strong> V\u00e9lOToulouse \u00e0 proximit\u00e9[\/vc_column_text][vc_empty_space][vc_column_text]<strong><a href=\"https:\/\/goo.gl\/Ck2DUj\" target=\"_blank\" rel=\"noopener noreferrer\">Liste des h\u00f4tels \u00e0 proximit\u00e9\u00a0<\/a><\/strong>[\/vc_column_text][\/vc_column][vc_column width=\"1\/2\" el_class=\"sidec\"][vc_column_inner][vc_column_text]\r\n<div><span class=\"highlight one\"><strong>JARDIN COMPANS-CAFFARELLI<\/strong> <\/span><\/div>\r\n<div class=\"Z0LcW\"><strong>[vc_icon icon_fontawesome=\"fa fa-map\" size=\"md\" align=\"left\"]Boulevard Lascrosses, 31100 Toulouse<\/strong><\/div>\r\n[\/vc_column_text][vc_gmaps link=\"#E-8_JTNDaWZyYW1lJTIwc3JjJTNEJTIyaHR0cHMlM0ElMkYlMkZ3d3cuZ29vZ2xlLmNvbSUyRm1hcHMlMkZlbWJlZCUzRnBiJTNEJTIxMW0xNiUyMTFtMTIlMjExbTMlMjExZDI4ODguNzU5NDUzMDkyNjAyNiUyMTJkMS40MzA2MTc3MTU0OTY0MjI0JTIxM2Q0My42MTE1NDk4NzkxMjI4JTIxMm0zJTIxMWYwJTIxMmYwJTIxM2YwJTIxM20yJTIxMWkxMDI0JTIxMmk3NjglMjE0ZjEzLjElMjEybTElMjExc0pBUkRJTiUyQkNPTVBBTlMtQ0FGRkFSRUxMSSUyQiUyNTI2JTJCUEFWSUxMT04lMkJERSUyQlRIRSUyQkRVJTJCSkFSRElOJTJCSkFQT05BSVMlMkJUT1VMT1VTRSUyMTVlMCUyMTNtMiUyMTFzZnIlMjEyc2ZyJTIxNHYxNTMxOTA3NzAyMjI2JTIyJTIwd2lkdGglM0QlMjI2MDAlMjIlMjBoZWlnaHQlM0QlMjI0NTAlMjIlMjBmcmFtZWJvcmRlciUzRCUyMjAlMjIlMjBzdHlsZSUzRCUyMmJvcmRlciUzQTAlMjIlMjBhbGxvd2Z1bGxzY3JlZW4lM0UlM0MlMkZpZnJhbWUlM0U=\" size=\"400\"][\/vc_column_inner][\/vc_column][\/vc_row]","_et_gb_content_width":"","footnotes":""},"acf":[],"yoast_head":"<!-- This site is optimized with the Yoast SEO plugin v22.3 - https:\/\/yoast.com\/wordpress\/plugins\/seo\/ -->\n<title>Informations pratiques - JapanTouch Toulouse<\/title>\n<meta name=\"robots\" content=\"index, follow, max-snippet:-1, max-image-preview:large, max-video-preview:-1\" \/>\n<link rel=\"canonical\" href=\"https:\/\/www.japan-touch.com\/toulouse\/informations-pratiques\/\" \/>\n<meta property=\"og:locale\" content=\"fr_FR\" \/>\n<meta property=\"og:type\" content=\"article\" \/>\n<meta property=\"og:title\" content=\"Informations pratiques - JapanTouch Toulouse\" \/>\n<meta property=\"og:description\" content=\"Informations pratiques LE JARDIN COMPANS-CAFFARELLI PAVILLON DE THE DU JARDIN JAPONAIS \u00e0 TOULOUSE Un lieu magique particuli\u00e8rement bien desservi par tous les moyens de transport. HORAIRES Samedi 6 septembre 2025 11h-20hDimanche 7\u00a0septembre 2025 : 11h-19h &nbsp; ACCESSIBILIT\u00c9 Comment venir \u00e0 la Japan Touch TOULOUSE ? Tr\u00e8s facile d&#039;acc\u00e8s en voiture, le jardin est \u00e0 10 [&hellip;]\" \/>\n<meta property=\"og:url\" content=\"https:\/\/www.japan-touch.com\/toulouse\/informations-pratiques\/\" \/>\n<meta property=\"og:site_name\" content=\"JapanTouch Toulouse\" \/>\n<meta property=\"article:publisher\" content=\"https:\/\/www.facebook.com\/Asiexpo\" \/>\n<meta property=\"article:modified_time\" content=\"2025-06-03T13:14:31+00:00\" \/>\n<meta name=\"twitter:card\" content=\"summary_large_image\" \/>\n<meta name=\"twitter:site\" content=\"@asiexpo\" \/>\n<meta name=\"twitter:label1\" content=\"Dur\u00e9e de lecture estim\u00e9e\" \/>\n\t<meta name=\"twitter:data1\" content=\"1 minute\" \/>\n<script type=\"application\/ld+json\" class=\"yoast-schema-graph\">{\"@context\":\"https:\/\/schema.org\",\"@graph\":[{\"@type\":\"WebPage\",\"@id\":\"https:\/\/www.japan-touch.com\/toulouse\/informations-pratiques\/\",\"url\":\"https:\/\/www.japan-touch.com\/toulouse\/informations-pratiques\/\",\"name\":\"Informations pratiques - JapanTouch Toulouse\",\"isPartOf\":{\"@id\":\"https:\/\/www.japan-touch.com\/toulouse\/#website\"},\"datePublished\":\"2015-07-07T18:08:24+00:00\",\"dateModified\":\"2025-06-03T13:14:31+00:00\",\"breadcrumb\":{\"@id\":\"https:\/\/www.japan-touch.com\/toulouse\/informations-pratiques\/#breadcrumb\"},\"inLanguage\":\"fr-FR\",\"potentialAction\":[{\"@type\":\"ReadAction\",\"target\":[\"https:\/\/www.japan-touch.com\/toulouse\/informations-pratiques\/\"]}]},{\"@type\":\"BreadcrumbList\",\"@id\":\"https:\/\/www.japan-touch.com\/toulouse\/informations-pratiques\/#breadcrumb\",\"itemListElement\":[{\"@type\":\"ListItem\",\"position\":1,\"name\":\"Accueil\",\"item\":\"https:\/\/www.japan-touch.com\/toulouse\/\"},{\"@type\":\"ListItem\",\"position\":2,\"name\":\"Informations pratiques\"}]},{\"@type\":\"WebSite\",\"@id\":\"https:\/\/www.japan-touch.com\/toulouse\/#website\",\"url\":\"https:\/\/www.japan-touch.com\/toulouse\/\",\"name\":\"JapanTouch Toulouse\",\"description\":\"3 &amp; 4 sept. 2022\",\"potentialAction\":[{\"@type\":\"SearchAction\",\"target\":{\"@type\":\"EntryPoint\",\"urlTemplate\":\"https:\/\/www.japan-touch.com\/toulouse\/?s={search_term_string}\"},\"query-input\":\"required name=search_term_string\"}],\"inLanguage\":\"fr-FR\"}]}<\/script>\n<!-- \/ Yoast SEO plugin. -->","yoast_head_json":{"title":"Informations pratiques - JapanTouch Toulouse","robots":{"index":"index","follow":"follow","max-snippet":"max-snippet:-1","max-image-preview":"max-image-preview:large","max-video-preview":"max-video-preview:-1"},"canonical":"https:\/\/www.japan-touch.com\/toulouse\/informations-pratiques\/","og_locale":"fr_FR","og_type":"article","og_title":"Informations pratiques - JapanTouch Toulouse","og_description":"Informations pratiques LE JARDIN COMPANS-CAFFARELLI PAVILLON DE THE DU JARDIN JAPONAIS \u00e0 TOULOUSE Un lieu magique particuli\u00e8rement bien desservi par tous les moyens de transport. HORAIRES Samedi 6 septembre 2025 11h-20hDimanche 7\u00a0septembre 2025 : 11h-19h &nbsp; ACCESSIBILIT\u00c9 Comment venir \u00e0 la Japan Touch TOULOUSE ? Tr\u00e8s facile d'acc\u00e8s en voiture, le jardin est \u00e0 10 [&hellip;]","og_url":"https:\/\/www.japan-touch.com\/toulouse\/informations-pratiques\/","og_site_name":"JapanTouch Toulouse","article_publisher":"https:\/\/www.facebook.com\/Asiexpo","article_modified_time":"2025-06-03T13:14:31+00:00","twitter_card":"summary_large_image","twitter_site":"@asiexpo","twitter_misc":{"Dur\u00e9e de lecture estim\u00e9e":"1 minute"},"schema":{"@context":"https:\/\/schema.org","@graph":[{"@type":"WebPage","@id":"https:\/\/www.japan-touch.com\/toulouse\/informations-pratiques\/","url":"https:\/\/www.japan-touch.com\/toulouse\/informations-pratiques\/","name":"Informations pratiques - JapanTouch Toulouse","isPartOf":{"@id":"https:\/\/www.japan-touch.com\/toulouse\/#website"},"datePublished":"2015-07-07T18:08:24+00:00","dateModified":"2025-06-03T13:14:31+00:00","breadcrumb":{"@id":"https:\/\/www.japan-touch.com\/toulouse\/informations-pratiques\/#breadcrumb"},"inLanguage":"fr-FR","potentialAction":[{"@type":"ReadAction","target":["https:\/\/www.japan-touch.com\/toulouse\/informations-pratiques\/"]}]},{"@type":"BreadcrumbList","@id":"https:\/\/www.japan-touch.com\/toulouse\/informations-pratiques\/#breadcrumb","itemListElement":[{"@type":"ListItem","position":1,"name":"Accueil","item":"https:\/\/www.japan-touch.com\/toulouse\/"},{"@type":"ListItem","position":2,"name":"Informations pratiques"}]},{"@type":"WebSite","@id":"https:\/\/www.japan-touch.com\/toulouse\/#website","url":"https:\/\/www.japan-touch.com\/toulouse\/","name":"JapanTouch Toulouse","description":"3 &amp; 4 sept. 2022","potentialAction":[{"@type":"SearchAction","target":{"@type":"EntryPoint","urlTemplate":"https:\/\/www.japan-touch.com\/toulouse\/?s={search_term_string}"},"query-input":"required name=search_term_string"}],"inLanguage":"fr-FR"}]}},"_links":{"self":[{"href":"https:\/\/www.japan-touch.com\/toulouse\/wp-json\/wp\/v2\/pages\/9"}],"collection":[{"href":"https:\/\/www.japan-touch.com\/toulouse\/wp-json\/wp\/v2\/pages"}],"about":[{"href":"https:\/\/www.japan-touch.com\/toulouse\/wp-json\/wp\/v2\/types\/page"}],"author":[{"embeddable":true,"href":"https:\/\/www.japan-touch.com\/toulouse\/wp-json\/wp\/v2\/users\/1"}],"replies":[{"embeddable":true,"href":"https:\/\/www.japan-touch.com\/toulouse\/wp-json\/wp\/v2\/comments?post=9"}],"version-history":[{"count":62,"href":"https:\/\/www.japan-touch.com\/toulouse\/wp-json\/wp\/v2\/pages\/9\/revisions"}],"predecessor-version":[{"id":2165,"href":"https:\/\/www.japan-touch.com\/toulouse\/wp-json\/wp\/v2\/pages\/9\/revisions\/2165"}],"wp:attachment":[{"href":"https:\/\/www.japan-touch.com\/toulouse\/wp-json\/wp\/v2\/media?parent=9"}],"curies":[{"name":"wp","href":"https:\/\/api.w.org\/{rel}","templated":true}]}}