{"id":22,"date":"2021-06-06T10:05:41","date_gmt":"2021-06-06T08:05:41","guid":{"rendered":"https:\/\/www.japan-touch.com\/brest\/?page_id=9"},"modified":"2025-06-04T14:45:23","modified_gmt":"2025-06-04T12:45:23","slug":"animations","status":"publish","type":"page","link":"https:\/\/www.japan-touch.com\/montpellier\/animations\/","title":{"rendered":"Animations"},"content":{"rendered":"<p>[et_pb_section fb_built=\u00a0\u00bb1&Prime; admin_label=\u00a0\u00bbSection\u00a0\u00bb _builder_version=\u00a0\u00bb4.21.0&Prime; global_colors_info=\u00a0\u00bb{}\u00a0\u00bb][et_pb_row _builder_version=\u00a0\u00bb4.16&Prime; locked=\u00a0\u00bboff\u00a0\u00bb global_colors_info=\u00a0\u00bb{}\u00a0\u00bb][et_pb_column type=\u00a0\u00bb4_4&Prime; _builder_version=\u00a0\u00bb4.16&Prime; global_colors_info=\u00a0\u00bb{}\u00a0\u00bb][dsm_animated_gradient_text animated_gradient_text=\u00a0\u00bbANIMATIONS du Tokyo Market Montpellier \u00e0 venir\u00a0\u00bb heading_html_tag=\u00a0\u00bbh1&Prime; gradient_one_color=\u00a0\u00bb#ff2e00&Prime; gradient_two_color=\u00a0\u00bb#53c1ab\u00a0\u00bb gradient_three_color=\u00a0\u00bb#41ad1d\u00a0\u00bb _builder_version=\u00a0\u00bb4.24.0&Prime; header_font=\u00a0\u00bb|600|||||||\u00a0\u00bb locked=\u00a0\u00bboff\u00a0\u00bb global_colors_info=\u00a0\u00bb{}\u00a0\u00bb][\/dsm_animated_gradient_text][et_pb_text _builder_version=\u00a0\u00bb4.24.0&Prime; quote_font_size=\u00a0\u00bb16px\u00a0\u00bb hover_enabled=\u00a0\u00bb0&Prime; global_colors_info=\u00a0\u00bb{}\u00a0\u00bb sticky_enabled=\u00a0\u00bb0&Prime;]<\/p>\n<blockquote>\n<p>Des ateliers, des d\u00e9monstrations et initiations gratuites aux arts traditionnels (m\u00e9ditation zen, taiko) &amp; arts martiaux (a\u00efkido, judo, bozendo, shorinji kempo&#8230;)<\/p>\n<p>Un village de jeunes cr\u00e9ateurs de mode japonaise (v\u00eatements, accessoires &amp; bijoux) et de boutiques sp\u00e9cialis\u00e9es manga et produits d\u00e9riv\u00e9s.<\/p>\n<p>Des illustrateurs et artisans d\u2019art et d\u2019objets d\u00e9co (c\u00e9ramique, kokedama, bonsa\u00ef en fil de fer&#8230;)<\/p>\n<\/blockquote>\n<h2>entr\u00e9e gratuite<\/h2>\n<p>[\/et_pb_text][et_pb_blog fullwidth=\u00a0\u00bboff\u00a0\u00bb posts_number=\u00a0\u00bb99&Prime; include_categories=\u00a0\u00bb8,1&Prime; show_more=\u00a0\u00bbon\u00a0\u00bb show_author=\u00a0\u00bboff\u00a0\u00bb show_date=\u00a0\u00bboff\u00a0\u00bb show_categories=\u00a0\u00bboff\u00a0\u00bb show_pagination=\u00a0\u00bboff\u00a0\u00bb disabled_on=\u00a0\u00bboff|off|off\u00a0\u00bb module_class=\u00a0\u00bbcu-blog\u00a0\u00bb _builder_version=\u00a0\u00bb4.24.0&Prime; header_font=\u00a0\u00bb|||on|||||\u00a0\u00bb hover_enabled=\u00a0\u00bb0&Prime; border_color_all=\u00a0\u00bb#d81e50&Prime; border_width_top_image=\u00a0\u00bb1px\u00a0\u00bb border_color_top_image=\u00a0\u00bb#d81e50&Prime; border_width_right_image=\u00a0\u00bb1px\u00a0\u00bb border_color_right_image=\u00a0\u00bb#d81e50&Prime; border_width_left_image=\u00a0\u00bb1px\u00a0\u00bb border_color_left_image=\u00a0\u00bb#d81e50&Prime; box_shadow_style=\u00a0\u00bbpreset3&Prime; global_colors_info=\u00a0\u00bb{}\u00a0\u00bb sticky_enabled=\u00a0\u00bb0&Prime;][\/et_pb_blog][\/et_pb_column][\/et_pb_row][\/et_pb_section]<\/p>\n","protected":false},"excerpt":{"rendered":"<p><div class=\"et_pb_module dsm_animated_gradient_text dsm_animated_gradient_text_0\">\n\t\t\t\t\n\t\t\t\t\n\t\t\t\t\n\t\t\t\t\n\t\t\t\t\n\t\t\t\t\n\t\t\t\t<div class=\"et_pb_module_inner\">\n\t\t\t\t\t<h1 class=\"dsm-animated-gradient-text et_pb_module_header\">ANIMATIONS du Tokyo Market Montpellier \u00e0 venir<\/h1>\n\t\t\t\t<\/div>\n\t\t\t<\/div>Des ateliers, des d\u00e9monstrations et initiations gratuites aux arts traditionnels (m\u00e9ditation zen, taiko) &amp; arts martiaux (a\u00efkido, judo, bozendo, shorinji kempo&#8230;) Un village de jeunes cr\u00e9ateurs de mode japonaise (v\u00eatements, accessoires &amp; bijoux) et de boutiques sp\u00e9cialis\u00e9es manga et produits [&hellip;]<\/p>\n","protected":false},"author":1,"featured_media":0,"parent":0,"menu_order":0,"comment_status":"closed","ping_status":"closed","template":"","meta":{"_acf_changed":false,"_et_pb_use_builder":"on","_et_pb_old_content":"","_et_gb_content_width":"","footnotes":""},"acf":[],"yoast_head":"<!-- This site is optimized with the Yoast SEO plugin v22.3 - https:\/\/yoast.com\/wordpress\/plugins\/seo\/ -->\n<title>Animations - Tokyo market Montpellier<\/title>\n<meta name=\"description\" content=\"Des ateliers, d\u00e9monstrations et initiations gratuites aux arts traditionnels &amp; martiaux. Un village de jeunes cr\u00e9ateurs, des illustrateurs et artisans d\u2019art et objets d\u00e9co. Des c\u00e9r\u00e9monies de th\u00e9 et calligraphie, m\u00e9ditation zen.\" \/>\n<meta name=\"robots\" content=\"index, follow, max-snippet:-1, max-image-preview:large, max-video-preview:-1\" \/>\n<link rel=\"canonical\" href=\"https:\/\/www.japan-touch.com\/montpellier\/animations\/\" \/>\n<meta property=\"og:locale\" content=\"fr_FR\" \/>\n<meta property=\"og:type\" content=\"article\" \/>\n<meta property=\"og:title\" content=\"Animations - Tokyo market Montpellier\" \/>\n<meta property=\"og:description\" content=\"Des ateliers, d\u00e9monstrations et initiations gratuites aux arts traditionnels &amp; martiaux. Un village de jeunes cr\u00e9ateurs, des illustrateurs et artisans d\u2019art et objets d\u00e9co. Des c\u00e9r\u00e9monies de th\u00e9 et calligraphie, m\u00e9ditation zen.\" \/>\n<meta property=\"og:url\" content=\"https:\/\/www.japan-touch.com\/montpellier\/animations\/\" \/>\n<meta property=\"og:site_name\" content=\"Tokyo market Montpellier\" \/>\n<meta property=\"article:modified_time\" content=\"2025-06-04T12:45:23+00:00\" \/>\n<meta name=\"twitter:card\" content=\"summary_large_image\" \/>\n<meta name=\"twitter:label1\" content=\"Dur\u00e9e de lecture estim\u00e9e\" \/>\n\t<meta name=\"twitter:data1\" content=\"5 minutes\" \/>\n<script type=\"application\/ld+json\" class=\"yoast-schema-graph\">{\"@context\":\"https:\/\/schema.org\",\"@graph\":[{\"@type\":\"WebPage\",\"@id\":\"https:\/\/www.japan-touch.com\/montpellier\/animations\/\",\"url\":\"https:\/\/www.japan-touch.com\/montpellier\/animations\/\",\"name\":\"Animations - Tokyo market Montpellier\",\"isPartOf\":{\"@id\":\"http:\/\/www.japan-touch.com\/montpellier\/#website\"},\"datePublished\":\"2021-06-06T08:05:41+00:00\",\"dateModified\":\"2025-06-04T12:45:23+00:00\",\"description\":\"Des ateliers, d\u00e9monstrations et initiations gratuites aux arts traditionnels & martiaux. Un village de jeunes cr\u00e9ateurs, des illustrateurs et artisans d\u2019art et objets d\u00e9co. Des c\u00e9r\u00e9monies de th\u00e9 et calligraphie, m\u00e9ditation zen.\",\"breadcrumb\":{\"@id\":\"https:\/\/www.japan-touch.com\/montpellier\/animations\/#breadcrumb\"},\"inLanguage\":\"fr-FR\",\"potentialAction\":[{\"@type\":\"ReadAction\",\"target\":[\"https:\/\/www.japan-touch.com\/montpellier\/animations\/\"]}]},{\"@type\":\"BreadcrumbList\",\"@id\":\"https:\/\/www.japan-touch.com\/montpellier\/animations\/#breadcrumb\",\"itemListElement\":[{\"@type\":\"ListItem\",\"position\":1,\"name\":\"Accueil\",\"item\":\"http:\/\/www.japan-touch.com\/montpellier\/\"},{\"@type\":\"ListItem\",\"position\":2,\"name\":\"Animations\"}]},{\"@type\":\"WebSite\",\"@id\":\"http:\/\/www.japan-touch.com\/montpellier\/#website\",\"url\":\"http:\/\/www.japan-touch.com\/montpellier\/\",\"name\":\"Tokyo market Montpellier\",\"description\":\"\",\"potentialAction\":[{\"@type\":\"SearchAction\",\"target\":{\"@type\":\"EntryPoint\",\"urlTemplate\":\"http:\/\/www.japan-touch.com\/montpellier\/?s={search_term_string}\"},\"query-input\":\"required name=search_term_string\"}],\"inLanguage\":\"fr-FR\"}]}<\/script>\n<!-- \/ Yoast SEO plugin. -->","yoast_head_json":{"title":"Animations - Tokyo market Montpellier","description":"Des ateliers, d\u00e9monstrations et initiations gratuites aux arts traditionnels & martiaux. Un village de jeunes cr\u00e9ateurs, des illustrateurs et artisans d\u2019art et objets d\u00e9co. Des c\u00e9r\u00e9monies de th\u00e9 et calligraphie, m\u00e9ditation zen.","robots":{"index":"index","follow":"follow","max-snippet":"max-snippet:-1","max-image-preview":"max-image-preview:large","max-video-preview":"max-video-preview:-1"},"canonical":"https:\/\/www.japan-touch.com\/montpellier\/animations\/","og_locale":"fr_FR","og_type":"article","og_title":"Animations - Tokyo market Montpellier","og_description":"Des ateliers, d\u00e9monstrations et initiations gratuites aux arts traditionnels & martiaux. Un village de jeunes cr\u00e9ateurs, des illustrateurs et artisans d\u2019art et objets d\u00e9co. Des c\u00e9r\u00e9monies de th\u00e9 et calligraphie, m\u00e9ditation zen.","og_url":"https:\/\/www.japan-touch.com\/montpellier\/animations\/","og_site_name":"Tokyo market Montpellier","article_modified_time":"2025-06-04T12:45:23+00:00","twitter_card":"summary_large_image","twitter_misc":{"Dur\u00e9e de lecture estim\u00e9e":"5 minutes"},"schema":{"@context":"https:\/\/schema.org","@graph":[{"@type":"WebPage","@id":"https:\/\/www.japan-touch.com\/montpellier\/animations\/","url":"https:\/\/www.japan-touch.com\/montpellier\/animations\/","name":"Animations - Tokyo market Montpellier","isPartOf":{"@id":"http:\/\/www.japan-touch.com\/montpellier\/#website"},"datePublished":"2021-06-06T08:05:41+00:00","dateModified":"2025-06-04T12:45:23+00:00","description":"Des ateliers, d\u00e9monstrations et initiations gratuites aux arts traditionnels & martiaux. Un village de jeunes cr\u00e9ateurs, des illustrateurs et artisans d\u2019art et objets d\u00e9co. Des c\u00e9r\u00e9monies de th\u00e9 et calligraphie, m\u00e9ditation zen.","breadcrumb":{"@id":"https:\/\/www.japan-touch.com\/montpellier\/animations\/#breadcrumb"},"inLanguage":"fr-FR","potentialAction":[{"@type":"ReadAction","target":["https:\/\/www.japan-touch.com\/montpellier\/animations\/"]}]},{"@type":"BreadcrumbList","@id":"https:\/\/www.japan-touch.com\/montpellier\/animations\/#breadcrumb","itemListElement":[{"@type":"ListItem","position":1,"name":"Accueil","item":"http:\/\/www.japan-touch.com\/montpellier\/"},{"@type":"ListItem","position":2,"name":"Animations"}]},{"@type":"WebSite","@id":"http:\/\/www.japan-touch.com\/montpellier\/#website","url":"http:\/\/www.japan-touch.com\/montpellier\/","name":"Tokyo market Montpellier","description":"","potentialAction":[{"@type":"SearchAction","target":{"@type":"EntryPoint","urlTemplate":"http:\/\/www.japan-touch.com\/montpellier\/?s={search_term_string}"},"query-input":"required name=search_term_string"}],"inLanguage":"fr-FR"}]}},"_links":{"self":[{"href":"https:\/\/www.japan-touch.com\/montpellier\/wp-json\/wp\/v2\/pages\/22"}],"collection":[{"href":"https:\/\/www.japan-touch.com\/montpellier\/wp-json\/wp\/v2\/pages"}],"about":[{"href":"https:\/\/www.japan-touch.com\/montpellier\/wp-json\/wp\/v2\/types\/page"}],"author":[{"embeddable":true,"href":"https:\/\/www.japan-touch.com\/montpellier\/wp-json\/wp\/v2\/users\/1"}],"replies":[{"embeddable":true,"href":"https:\/\/www.japan-touch.com\/montpellier\/wp-json\/wp\/v2\/comments?post=22"}],"version-history":[{"count":11,"href":"https:\/\/www.japan-touch.com\/montpellier\/wp-json\/wp\/v2\/pages\/22\/revisions"}],"predecessor-version":[{"id":308,"href":"https:\/\/www.japan-touch.com\/montpellier\/wp-json\/wp\/v2\/pages\/22\/revisions\/308"}],"wp:attachment":[{"href":"https:\/\/www.japan-touch.com\/montpellier\/wp-json\/wp\/v2\/media?parent=22"}],"curies":[{"name":"wp","href":"https:\/\/api.w.org\/{rel}","templated":true}]}}