{"id":1767,"date":"2019-08-28T08:54:36","date_gmt":"2019-08-28T06:54:36","guid":{"rendered":"https:\/\/www.japan-touch.com\/lyon\/?page_id=1767"},"modified":"2026-03-13T22:44:55","modified_gmt":"2026-03-13T21:44:55","slug":"japan-touch-lyon","status":"publish","type":"page","link":"https:\/\/www.japan-touch.com\/lyon\/","title":{"rendered":"Prochaine Japan Touch \u00e0 Lyon les 29 et 30 novembre 2025 \u00e0 Lyon Eurexpo"},"content":{"rendered":"<p>[et_pb_section fb_built=\u00a0\u00bb1&Prime; _builder_version=\u00a0\u00bb4.24.0&Prime; _module_preset=\u00a0\u00bbdefault\u00a0\u00bb global_colors_info=\u00a0\u00bb{}\u00a0\u00bb][et_pb_row column_structure=\u00a0\u00bb3_5,2_5&Prime; _builder_version=\u00a0\u00bb4.24.0&Prime; _module_preset=\u00a0\u00bbdefault\u00a0\u00bb width=\u00a0\u00bb90%\u00a0\u00bb global_colors_info=\u00a0\u00bb{}\u00a0\u00bb][et_pb_column type=\u00a0\u00bb3_5&Prime; _builder_version=\u00a0\u00bb4.24.0&Prime; _module_preset=\u00a0\u00bbdefault\u00a0\u00bb global_colors_info=\u00a0\u00bb{}\u00a0\u00bb][et_pb_text admin_label=\u00a0\u00bbText\u00a0\u00bb _builder_version=\u00a0\u00bb4.24.0&Prime; text_font_size=\u00a0\u00bb17px\u00a0\u00bb background_size=\u00a0\u00bbinitial\u00a0\u00bb background_position=\u00a0\u00bbtop_left\u00a0\u00bb background_repeat=\u00a0\u00bbrepeat\u00a0\u00bb global_colors_info=\u00a0\u00bb{}\u00a0\u00bb inline_fonts=\u00a0\u00bbAboreto\u00a0\u00bb]<\/p>\n<h2><strong>Japan Touch Haru<\/strong><\/h2>\n<p><strong>Rendez-vous les 25 &amp; 26 avril 2026 \u00e0 Lyon Eurexpo<\/strong><\/p>\n<blockquote>\n<h4><span style=\"font-size: medium;font-family: inherit;font-weight: normal\"><strong>le festival 100 % pop culture japonaise : manga, cosplay, jeux vid\u00e9o, mode, \u2026<\/strong><\/span><\/h4>\n<\/blockquote>\n<p>[\/et_pb_text][et_pb_button button_text=\u00a0\u00bbPrenez vos billets sur le site Japan Touch Haru\u00a0\u00bb _builder_version=\u00a0\u00bb4.24.0&Prime; _module_preset=\u00a0\u00bbdefault\u00a0\u00bb button_url=\u00a0\u00bbhttps:\/\/www.japan-touch.com\/haru\/\u00a0\u00bb custom_button=\u00a0\u00bbon\u00a0\u00bb button_text_color=\u00a0\u00bb#FFFFFF\u00a0\u00bb button_bg_color=\u00a0\u00bb#dd4949&Prime; button_bg_enable_color=\u00a0\u00bbon\u00a0\u00bb background_layout=\u00a0\u00bbdark\u00a0\u00bb button_icon=\u00a0\u00bb&#x24;||divi||400&Prime; hover_enabled=\u00a0\u00bb0&Prime; sticky_enabled=\u00a0\u00bb0&Prime;][\/et_pb_button][et_pb_image src=\u00a0\u00bbhttp:\/\/www.japan-touch.com\/lyon\/wp-content\/uploads\/sites\/11\/2025\/09\/JapanTouch_crop.jpg\u00a0\u00bb title_text=\u00a0\u00bbJapanTouch_crop\u00a0\u00bb show_in_lightbox=\u00a0\u00bbon\u00a0\u00bb _builder_version=\u00a0\u00bb4.24.0&Prime; _module_preset=\u00a0\u00bbdefault\u00a0\u00bb width=\u00a0\u00bb900px\u00a0\u00bb max_width=\u00a0\u00bb100%\u00a0\u00bb module_alignment=\u00a0\u00bbcenter\u00a0\u00bb hover_enabled=\u00a0\u00bb0&Prime; global_colors_info=\u00a0\u00bb{}\u00a0\u00bb sticky_enabled=\u00a0\u00bb0&Prime; disabled_on=\u00a0\u00bbon|on|on\u00a0\u00bb disabled=\u00a0\u00bbon\u00a0\u00bb][\/et_pb_image][\/et_pb_column][et_pb_column type=\u00a0\u00bb2_5&Prime; _builder_version=\u00a0\u00bb4.24.0&Prime; _module_preset=\u00a0\u00bbdefault\u00a0\u00bb global_colors_info=\u00a0\u00bb{}\u00a0\u00bb][et_pb_cta title=\u00a0\u00bbLa billetterie est ouverte !\u00a0\u00bb button_url=\u00a0\u00bb@ET-DC@eyJkeW5hbWljIjp0cnVlLCJjb250ZW50IjoicG9zdF9saW5rX3VybF9wYWdlIiwic2V0dGluZ3MiOnsicG9zdF9pZCI6IjEyNzgiLCJlbmFibGVfaHRtbCI6Im9mZiJ9fQ==@\u00a0\u00bb button_text=\u00a0\u00bbJapan Touch Billetterie\u00a0\u00bb _builder_version=\u00a0\u00bb4.24.0&Prime; _dynamic_attributes=\u00a0\u00bbbutton_url\u00a0\u00bb _module_preset=\u00a0\u00bbdefault\u00a0\u00bb header_font=\u00a0\u00bb|||on|||||\u00a0\u00bb header_font_size=\u00a0\u00bb2.1em\u00a0\u00bb header_letter_spacing=\u00a0\u00bb1px\u00a0\u00bb body_link_text_color=\u00a0\u00bb#FFFFFF\u00a0\u00bb background_color=\u00a0\u00bb#395596&Prime; custom_button=\u00a0\u00bbon\u00a0\u00bb button_text_color=\u00a0\u00bb#FFFFFF\u00a0\u00bb button_font=\u00a0\u00bb|||on|||||\u00a0\u00bb animation_style=\u00a0\u00bbflip\u00a0\u00bb border_radii=\u00a0\u00bbon|10px|10px|10px|10px\u00a0\u00bb box_shadow_style=\u00a0\u00bbpreset3&Prime; global_colors_info=\u00a0\u00bb{}\u00a0\u00bb transform_styles__hover_enabled=\u00a0\u00bbon|hover\u00a0\u00bb transform_scale__hover_enabled=\u00a0\u00bbon|hover\u00a0\u00bb transform_translate__hover_enabled=\u00a0\u00bbon|desktop\u00a0\u00bb transform_rotate__hover_enabled=\u00a0\u00bbon|desktop\u00a0\u00bb transform_skew__hover_enabled=\u00a0\u00bbon|desktop\u00a0\u00bb transform_origin__hover_enabled=\u00a0\u00bbon|desktop\u00a0\u00bb transform_scale__hover=\u00a0\u00bb104%|104%\u00a0\u00bb disabled_on=\u00a0\u00bbon|on|on\u00a0\u00bb disabled=\u00a0\u00bbon\u00a0\u00bb]<\/p>\n<p><strong>Retrouvez aussi le <span style=\"text-decoration: underline\"><a href=\"https:\/\/www.salondelasie.com\/\" title=\"Salon de l'Asie\">Salon de l&rsquo;Asie<\/a>.<\/span> <br \/>Entr\u00e9e valable pour les 2 salons<\/strong><\/p>\n<p>Dans les points de vente suivants : Auchan, Carrefour, Cultura, E.Leclerc, Fnac, G\u00e9ant, Intermarch\u00e9, Syst\u00e8me U, et sur place !<br \/>Ou en ligne sur <a href=\"http:\/\/francebillet.com\/?fbclid=IwAR3cUhdnweP_GKIjme9smTzJjsjdWmosUVxyrRK8SO10klwiL8PHvpCx1xg\" target=\"_blank\" rel=\"noopener\">francebillet.com<\/a>, <a href=\"https:\/\/www.fnacspectacles.com\/place-spectacle\/ticket-evenement\/salon-foire-japan-touch-manjat21-lt.htm\" target=\"_blank\" rel=\"noopener\">fnac.com<\/a>, <a href=\"http:\/\/ticketmaster.fr\/\" target=\"_blank\" rel=\"noopener\">ticketmaster.fr<\/a> et notre site officiel :<\/p>\n<p>[\/et_pb_cta][et_pb_countdown_timer title=\u00a0\u00bbLa Japan Touch 2025 d\u00e9marre dans\u00a0\u00bb date_time=\u00a0\u00bb2025-11-29 10:00&Prime; _builder_version=\u00a0\u00bb4.24.0&Prime; _module_preset=\u00a0\u00bbdefault\u00a0\u00bb header_font=\u00a0\u00bb|600|||||||\u00a0\u00bb header_font_size=\u00a0\u00bb2.2em\u00a0\u00bb numbers_font_size=\u00a0\u00bb2em\u00a0\u00bb numbers_line_height=\u00a0\u00bb1px\u00a0\u00bb background_color=\u00a0\u00bbgcid-165acc7c-f48e-4835-8d4b-6ffe822c9b63&Prime; module_alignment=\u00a0\u00bbcenter\u00a0\u00bb custom_padding=\u00a0\u00bb1em||1em||true|false\u00a0\u00bb animation_style=\u00a0\u00bbzoom\u00a0\u00bb border_radii=\u00a0\u00bbon|10px|10px|10px|10px\u00a0\u00bb global_colors_info=\u00a0\u00bb{%22gcid-165acc7c-f48e-4835-8d4b-6ffe822c9b63%22:%91%22background_color%22%93}\u00a0\u00bb disabled_on=\u00a0\u00bbon|on|on\u00a0\u00bb disabled=\u00a0\u00bbon\u00a0\u00bb][\/et_pb_countdown_timer][et_pb_text _builder_version=\u00a0\u00bb4.24.0&Prime; _module_preset=\u00a0\u00bbdefault\u00a0\u00bb custom_padding=\u00a0\u00bb1em|1em|1em|1em|true|true\u00a0\u00bb border_width_all=\u00a0\u00bb1px\u00a0\u00bb border_color_all=\u00a0\u00bb#000000&Prime; global_colors_info=\u00a0\u00bb{}\u00a0\u00bb]<\/p>\n<h3>Inscrivez-vous \u00e0 notre newsletter<\/h3>\n                    <script type=\"text\/javascript\">\n                        var onloadSibCallback = function () {\n                            jQuery('.g-recaptcha').each(function (index, el) {\n                                grecaptcha.render(el, {\n                                    'sitekey': jQuery(el).attr('data-sitekey')\n                                });\n                            });\n                        };\n                    <\/script>\n\t\t\t\t\t                <script src=\"https:\/\/www.google.com\/recaptcha\/api.js?onload=onloadSibCallback&render=explicit\" async defer><\/script>\n\t\t\t\t\t\t\t\n\t\t\t<form id=\"sib_signup_form_1\" method=\"post\" class=\"sib_signup_form\">\n\t\t\t\t<div class=\"sib_loader\" style=\"display:none;\"><img\n\t\t\t\t\t\t\tsrc=\"https:\/\/www.japan-touch.com\/lyon\/wp-includes\/images\/spinner.gif\" alt=\"loader\"><\/div>\n\t\t\t\t<input type=\"hidden\" name=\"sib_form_action\" value=\"subscribe_form_submit\">\n\t\t\t\t<input type=\"hidden\" name=\"sib_form_id\" value=\"1\">\n                <input type=\"hidden\" name=\"sib_form_alert_notice\" value=\"Remplissez ce champ s\u2019il vous pla\u00eet\">\n                <input type=\"hidden\" name=\"sib_form_invalid_email_notice\" value=\"Cette adresse email n\\&#039;est pas valide\">\n                <input type=\"hidden\" name=\"sib_security\" value=\"bc361479b7\">\n\t\t\t\t<div class=\"sib_signup_box_inside_1\">\n\t\t\t\t\t<div style=\"\/*display:none*\/\" class=\"sib_msg_disp\">\n\t\t\t\t\t<\/div>\n                    \t\t\t\t\t<p class=\"sib-email-area\">\r\n    <label class=\"sib-email-area\">Adresse Email *<\/label>\r\n    <input type=\"email\" class=\"sib-email-area\" name=\"email\" required=\"required\">\r\n<\/p>\r\n<input type=\"checkbox\" name=\"terms\" required=\"required\">j'ai bien compris <a href=\"https:\/\/www.japan-touch.com\/lyon\/politique-de-confidentialite-2\/\">la politique de confidentialit\u00e9 <\/a>\r\n <p>\r\n<div id=\"sib_captcha\" class=\"g-recaptcha\" data-sitekey=\"6LciNbMZAAAAAIVIh1Sj_7sB1yrk-B1pwSxzpSib\"><\/div>\r\n    <input type=\"submit\" class=\"sib-default-btn\" value=\"Envoyer\">\r\n<\/p>\t\t\t\t<\/div>\n\t\t\t<\/form>\n\t\t\t<style>\n\t\t\t\tform#sib_signup_form_1 {\r\n    padding: 5px;\r\n    -moz-box-sizing:border-box;\r\n    -webkit-box-sizing: border-box;\r\n    box-sizing: border-box;\r\n}\r\nform#sib_signup_form_1 input[type=text],form#sib_signup_form_1 input[type=email], form#sib_signup_form_1 select {\r\n    width: 100%;\r\n    border: 1px solid #bbb;\r\n    height: auto;\r\n    margin: 5px 0 0 0;\r\n}\r\nform#sib_signup_form_1 .sib-default-btn {\r\n    margin: 5px 0;\r\n    padding: 6px 12px;\r\n    color:#fff;\r\n    background-color: #333;\r\n    border-color: #2E2E2E;\r\n    font-size: 14px;\r\n    font-weight:400;\r\n    line-height: 1.4285;\r\n    text-align: center;\r\n    cursor: pointer;\r\n    vertical-align: middle;\r\n    -webkit-user-select:none;\r\n    -moz-user-select:none;\r\n    -ms-user-select:none;\r\n    user-select:none;\r\n    white-space: normal;\r\n    border:1px solid transparent;\r\n    border-radius: 3px;\r\n}\r\nform#sib_signup_form_1 .sib-default-btn:hover {\r\n    background-color: #444;\r\n}\r\nform#sib_signup_form_1 p{\r\n    margin: 10px 0 0 0;\r\n}form#sib_signup_form_1 p.sib-alert-message {\n    padding: 6px 12px;\n    margin-bottom: 20px;\n    border: 1px solid transparent;\n    border-radius: 4px;\n    -webkit-box-sizing: border-box;\n    -moz-box-sizing: border-box;\n    box-sizing: border-box;\n}\nform#sib_signup_form_1 p.sib-alert-message-error {\n    background-color: #f2dede;\n    border-color: #ebccd1;\n    color: #a94442;\n}\nform#sib_signup_form_1 p.sib-alert-message-success {\n    background-color: #dff0d8;\n    border-color: #d6e9c6;\n    color: #3c763d;\n}\nform#sib_signup_form_1 p.sib-alert-message-warning {\n    background-color: #fcf8e3;\n    border-color: #faebcc;\n    color: #8a6d3b;\n}\n\t\t\t<\/style>\n\t\t\t\n<p>[\/et_pb_text][\/et_pb_column][\/et_pb_row][et_pb_row _builder_version=\u00a0\u00bb4.24.0&Prime; _module_preset=\u00a0\u00bbdefault\u00a0\u00bb global_colors_info=\u00a0\u00bb{}\u00a0\u00bb disabled_on=\u00a0\u00bbon|on|on\u00a0\u00bb disabled=\u00a0\u00bbon\u00a0\u00bb][et_pb_column type=\u00a0\u00bb4_4&Prime; _builder_version=\u00a0\u00bb4.24.0&Prime; _module_preset=\u00a0\u00bbdefault\u00a0\u00bb global_colors_info=\u00a0\u00bb{}\u00a0\u00bb][dsm_blog_carousel posts_number=\u00a0\u00bb12&Prime; include_categories=\u00a0\u00bb36,34&Prime; use_overlay=\u00a0\u00bbon\u00a0\u00bb overlay_icon=\u00a0\u00bb&#xe050;||divi||400&Prime; overlay_icon_color=\u00a0\u00bb#000000&Prime; hover_overlay_color=\u00a0\u00bbrgba(255,255,255,0.79)\u00a0\u00bb thumbnail_height=\u00a0\u00bb410px\u00a0\u00bb excerpt_length=\u00a0\u00bb40&Prime; use_date=\u00a0\u00bboff\u00a0\u00bb use_author=\u00a0\u00bboff\u00a0\u00bb use_readmore=\u00a0\u00bbon\u00a0\u00bb readmore_text=\u00a0\u00bben savoir +\u00a0\u00bb slider_effect=\u00a0\u00bbcoverflow\u00a0\u00bb slider_effect_coverflow_rotate=\u00a0\u00bb38&Prime; multiple_slide_row=\u00a0\u00bbon\u00a0\u00bb centered_slides=\u00a0\u00bbon\u00a0\u00bb spacing=\u00a0\u00bb9&Prime; pause_on_hover=\u00a0\u00bbon\u00a0\u00bb use_pagi=\u00a0\u00bboff\u00a0\u00bb use_prev_icon=\u00a0\u00bbon\u00a0\u00bb prev_icon=\u00a0\u00bb&#x3c;||divi||400&Prime; use_next_icon=\u00a0\u00bbon\u00a0\u00bb next_icon=\u00a0\u00bb&#x3d;||divi||400&Prime; navi_background_color=\u00a0\u00bbrgba(0,0,0,0)\u00a0\u00bb post_equal_height=\u00a0\u00bbon\u00a0\u00bb disabled_on=\u00a0\u00bboff|off|off\u00a0\u00bb _builder_version=\u00a0\u00bb4.22.2&Prime; title_font=\u00a0\u00bb|||on||||#c2231d|\u00a0\u00bb title_text_align=\u00a0\u00bbcenter\u00a0\u00bb title_font_size=\u00a0\u00bb20px\u00a0\u00bb title_letter_spacing=\u00a0\u00bb1px\u00a0\u00bb readmore_alignment=\u00a0\u00bbright\u00a0\u00bb border_width_all_post_box=\u00a0\u00bb1px\u00a0\u00bb border_color_all_post_box=\u00a0\u00bb#c2231d\u00a0\u00bb locked=\u00a0\u00bboff\u00a0\u00bb global_colors_info=\u00a0\u00bb{}\u00a0\u00bb][\/dsm_blog_carousel][\/et_pb_column][\/et_pb_row][\/et_pb_section]<\/p>\n","protected":false},"excerpt":{"rendered":"<p>Japan Touch, festival Pop &amp; Zen 100 % Japon : pop culture, mode, invit\u00e9s, animations, bonsa\u00efs, arts et traditions, les 30 novembre et 1er d\u00e9cembre \u00e0 Lyon Eurexpo<\/p>\n","protected":false},"author":1,"featured_media":4190,"parent":0,"menu_order":0,"comment_status":"closed","ping_status":"closed","template":"","meta":{"_acf_changed":false,"_et_pb_use_builder":"on","_et_pb_old_content":"<p>[vc_row][vc_column width=\"1\/2\"][vc_column_text css=\".vc_custom_1601053116519{padding-top: 20px !important;}\"]<\/p>\r\n<h2>Japan Touch<\/h2>\r\n<blockquote><p>Pop culture, mode, invit\u00e9s, animations, bonsa\u00ef, arts et traditions, id\u00e9es cadeaux, bien-\u00eatre et voyages...<\/p><\/blockquote>\r\n<p>[\/vc_column_text][vc_column_text css=\".vc_custom_1631616999403{padding-top: 20px !important;}\"]<\/p>\r\n<h3>PROCHAINS RDV :<\/h3>\r\n<p>\u00a0<\/p>\r\n<ul>\r\n<li>22e Japan Touch \/ Salon de l\u2019Asie (27 & 28 novembre 2021 - Lyon Eurexpo)<\/li>\r\n<\/ul>\r\n<p>Au plaisir de vous revoir bient\u00f4t.<\/p>\r\n<p>\u00a0[\/vc_column_text][\/vc_column][vc_column width=\"1\/2\"][vc_single_image image=\"2339\" img_size=\"full\"][\/vc_column][\/vc_row]<\/p>\r\n","_et_gb_content_width":"","footnotes":""},"acf":[],"yoast_head":"<!-- This site is optimized with the Yoast SEO plugin v22.3 - https:\/\/yoast.com\/wordpress\/plugins\/seo\/ -->\n<title>Prochaine Japan Touch \u00e0 Lyon les 29 et 30 novembre 2025 \u00e0 Lyon Eurexpo - JAPAN TOUCH LYON<\/title>\n<meta name=\"description\" content=\"Japan Touch, festival Pop &amp; Zen 100 % Japon : pop culture, mode, invit\u00e9s, animations, bonsa\u00efs, arts et traditions les 12 et 13 novembre 2022 \u00e0 Lyon Eurexpo\u00a0\" \/>\n<meta name=\"robots\" content=\"index, follow, max-snippet:-1, max-image-preview:large, max-video-preview:-1\" \/>\n<link rel=\"canonical\" href=\"https:\/\/www.japan-touch.com\/lyon\/\" \/>\n<meta property=\"og:locale\" content=\"fr_FR\" \/>\n<meta property=\"og:type\" content=\"article\" \/>\n<meta property=\"og:title\" content=\"Prochaine Japan Touch \u00e0 Lyon les 29 et 30 novembre 2025 \u00e0 Lyon Eurexpo - JAPAN TOUCH LYON\" \/>\n<meta property=\"og:description\" content=\"Japan Touch, festival Pop &amp; Zen 100 % Japon : pop culture, mode, invit\u00e9s, animations, bonsa\u00efs, arts et traditions les 12 et 13 novembre 2022 \u00e0 Lyon Eurexpo\u00a0\" \/>\n<meta property=\"og:url\" content=\"https:\/\/www.japan-touch.com\/lyon\/\" \/>\n<meta property=\"og:site_name\" content=\"JAPAN TOUCH LYON\" \/>\n<meta property=\"article:modified_time\" content=\"2026-03-13T21:44:55+00:00\" \/>\n<meta property=\"og:image\" content=\"http:\/\/www.japan-touch.com\/lyon\/wp-content\/uploads\/sites\/11\/2025\/07\/JapanTouch_2025.jpg\" \/>\n\t<meta property=\"og:image:width\" content=\"1500\" \/>\n\t<meta property=\"og:image:height\" content=\"2250\" \/>\n\t<meta property=\"og:image:type\" content=\"image\/jpeg\" \/>\n<meta name=\"twitter:card\" content=\"summary_large_image\" \/>\n<meta name=\"twitter:label1\" content=\"Dur\u00e9e de lecture estim\u00e9e\" \/>\n\t<meta name=\"twitter:data1\" content=\"5 minutes\" \/>\n<script type=\"application\/ld+json\" class=\"yoast-schema-graph\">{\"@context\":\"https:\/\/schema.org\",\"@graph\":[{\"@type\":\"WebPage\",\"@id\":\"https:\/\/www.japan-touch.com\/lyon\/\",\"url\":\"https:\/\/www.japan-touch.com\/lyon\/\",\"name\":\"Prochaine Japan Touch \u00e0 Lyon les 29 et 30 novembre 2025 \u00e0 Lyon Eurexpo - JAPAN TOUCH LYON\",\"isPartOf\":{\"@id\":\"https:\/\/www.japan-touch.com\/lyon\/#website\"},\"primaryImageOfPage\":{\"@id\":\"https:\/\/www.japan-touch.com\/lyon\/#primaryimage\"},\"image\":{\"@id\":\"https:\/\/www.japan-touch.com\/lyon\/#primaryimage\"},\"thumbnailUrl\":\"https:\/\/www.japan-touch.com\/lyon\/wp-content\/uploads\/sites\/11\/2025\/07\/JapanTouch_2025.jpg\",\"datePublished\":\"2019-08-28T06:54:36+00:00\",\"dateModified\":\"2026-03-13T21:44:55+00:00\",\"description\":\"Japan Touch, festival Pop & Zen 100 % Japon : pop culture, mode, invit\u00e9s, animations, bonsa\u00efs, arts et traditions les 12 et 13 novembre 2022 \u00e0 Lyon Eurexpo\u00a0\",\"breadcrumb\":{\"@id\":\"https:\/\/www.japan-touch.com\/lyon\/#breadcrumb\"},\"inLanguage\":\"fr-FR\",\"potentialAction\":[{\"@type\":\"ReadAction\",\"target\":[\"https:\/\/www.japan-touch.com\/lyon\/\"]}]},{\"@type\":\"ImageObject\",\"inLanguage\":\"fr-FR\",\"@id\":\"https:\/\/www.japan-touch.com\/lyon\/#primaryimage\",\"url\":\"https:\/\/www.japan-touch.com\/lyon\/wp-content\/uploads\/sites\/11\/2025\/07\/JapanTouch_2025.jpg\",\"contentUrl\":\"https:\/\/www.japan-touch.com\/lyon\/wp-content\/uploads\/sites\/11\/2025\/07\/JapanTouch_2025.jpg\",\"width\":1500,\"height\":2250},{\"@type\":\"BreadcrumbList\",\"@id\":\"https:\/\/www.japan-touch.com\/lyon\/#breadcrumb\",\"itemListElement\":[{\"@type\":\"ListItem\",\"position\":1,\"name\":\"Accueil\",\"item\":\"https:\/\/www.japan-touch.com\/lyon\/\"},{\"@type\":\"ListItem\",\"position\":2,\"name\":\"Prochaine Japan Touch \u00e0 Lyon les 29 et 30 novembre 2025 \u00e0 Lyon Eurexpo\"}]},{\"@type\":\"WebSite\",\"@id\":\"https:\/\/www.japan-touch.com\/lyon\/#website\",\"url\":\"https:\/\/www.japan-touch.com\/lyon\/\",\"name\":\"JAPAN TOUCH LYON\",\"description\":\"Pop culture, mode, invit\u00e9s, animations, bonsa\u00ef, arts et traditions, id\u00e9es cadeaux, bien-\u00eatre et voyages\u2026\",\"potentialAction\":[{\"@type\":\"SearchAction\",\"target\":{\"@type\":\"EntryPoint\",\"urlTemplate\":\"https:\/\/www.japan-touch.com\/lyon\/?s={search_term_string}\"},\"query-input\":\"required name=search_term_string\"}],\"inLanguage\":\"fr-FR\"}]}<\/script>\n<!-- \/ Yoast SEO plugin. -->","yoast_head_json":{"title":"Prochaine Japan Touch \u00e0 Lyon les 29 et 30 novembre 2025 \u00e0 Lyon Eurexpo - JAPAN TOUCH LYON","description":"Japan Touch, festival Pop & Zen 100 % Japon : pop culture, mode, invit\u00e9s, animations, bonsa\u00efs, arts et traditions les 12 et 13 novembre 2022 \u00e0 Lyon Eurexpo\u00a0","robots":{"index":"index","follow":"follow","max-snippet":"max-snippet:-1","max-image-preview":"max-image-preview:large","max-video-preview":"max-video-preview:-1"},"canonical":"https:\/\/www.japan-touch.com\/lyon\/","og_locale":"fr_FR","og_type":"article","og_title":"Prochaine Japan Touch \u00e0 Lyon les 29 et 30 novembre 2025 \u00e0 Lyon Eurexpo - JAPAN TOUCH LYON","og_description":"Japan Touch, festival Pop & Zen 100 % Japon : pop culture, mode, invit\u00e9s, animations, bonsa\u00efs, arts et traditions les 12 et 13 novembre 2022 \u00e0 Lyon Eurexpo\u00a0","og_url":"https:\/\/www.japan-touch.com\/lyon\/","og_site_name":"JAPAN TOUCH LYON","article_modified_time":"2026-03-13T21:44:55+00:00","og_image":[{"width":1500,"height":2250,"url":"http:\/\/www.japan-touch.com\/lyon\/wp-content\/uploads\/sites\/11\/2025\/07\/JapanTouch_2025.jpg","type":"image\/jpeg"}],"twitter_card":"summary_large_image","twitter_misc":{"Dur\u00e9e de lecture estim\u00e9e":"5 minutes"},"schema":{"@context":"https:\/\/schema.org","@graph":[{"@type":"WebPage","@id":"https:\/\/www.japan-touch.com\/lyon\/","url":"https:\/\/www.japan-touch.com\/lyon\/","name":"Prochaine Japan Touch \u00e0 Lyon les 29 et 30 novembre 2025 \u00e0 Lyon Eurexpo - JAPAN TOUCH LYON","isPartOf":{"@id":"https:\/\/www.japan-touch.com\/lyon\/#website"},"primaryImageOfPage":{"@id":"https:\/\/www.japan-touch.com\/lyon\/#primaryimage"},"image":{"@id":"https:\/\/www.japan-touch.com\/lyon\/#primaryimage"},"thumbnailUrl":"https:\/\/www.japan-touch.com\/lyon\/wp-content\/uploads\/sites\/11\/2025\/07\/JapanTouch_2025.jpg","datePublished":"2019-08-28T06:54:36+00:00","dateModified":"2026-03-13T21:44:55+00:00","description":"Japan Touch, festival Pop & Zen 100 % Japon : pop culture, mode, invit\u00e9s, animations, bonsa\u00efs, arts et traditions les 12 et 13 novembre 2022 \u00e0 Lyon Eurexpo\u00a0","breadcrumb":{"@id":"https:\/\/www.japan-touch.com\/lyon\/#breadcrumb"},"inLanguage":"fr-FR","potentialAction":[{"@type":"ReadAction","target":["https:\/\/www.japan-touch.com\/lyon\/"]}]},{"@type":"ImageObject","inLanguage":"fr-FR","@id":"https:\/\/www.japan-touch.com\/lyon\/#primaryimage","url":"https:\/\/www.japan-touch.com\/lyon\/wp-content\/uploads\/sites\/11\/2025\/07\/JapanTouch_2025.jpg","contentUrl":"https:\/\/www.japan-touch.com\/lyon\/wp-content\/uploads\/sites\/11\/2025\/07\/JapanTouch_2025.jpg","width":1500,"height":2250},{"@type":"BreadcrumbList","@id":"https:\/\/www.japan-touch.com\/lyon\/#breadcrumb","itemListElement":[{"@type":"ListItem","position":1,"name":"Accueil","item":"https:\/\/www.japan-touch.com\/lyon\/"},{"@type":"ListItem","position":2,"name":"Prochaine Japan Touch \u00e0 Lyon les 29 et 30 novembre 2025 \u00e0 Lyon Eurexpo"}]},{"@type":"WebSite","@id":"https:\/\/www.japan-touch.com\/lyon\/#website","url":"https:\/\/www.japan-touch.com\/lyon\/","name":"JAPAN TOUCH LYON","description":"Pop culture, mode, invit\u00e9s, animations, bonsa\u00ef, arts et traditions, id\u00e9es cadeaux, bien-\u00eatre et voyages\u2026","potentialAction":[{"@type":"SearchAction","target":{"@type":"EntryPoint","urlTemplate":"https:\/\/www.japan-touch.com\/lyon\/?s={search_term_string}"},"query-input":"required name=search_term_string"}],"inLanguage":"fr-FR"}]}},"_links":{"self":[{"href":"https:\/\/www.japan-touch.com\/lyon\/wp-json\/wp\/v2\/pages\/1767"}],"collection":[{"href":"https:\/\/www.japan-touch.com\/lyon\/wp-json\/wp\/v2\/pages"}],"about":[{"href":"https:\/\/www.japan-touch.com\/lyon\/wp-json\/wp\/v2\/types\/page"}],"author":[{"embeddable":true,"href":"https:\/\/www.japan-touch.com\/lyon\/wp-json\/wp\/v2\/users\/1"}],"replies":[{"embeddable":true,"href":"https:\/\/www.japan-touch.com\/lyon\/wp-json\/wp\/v2\/comments?post=1767"}],"version-history":[{"count":79,"href":"https:\/\/www.japan-touch.com\/lyon\/wp-json\/wp\/v2\/pages\/1767\/revisions"}],"predecessor-version":[{"id":4504,"href":"https:\/\/www.japan-touch.com\/lyon\/wp-json\/wp\/v2\/pages\/1767\/revisions\/4504"}],"wp:featuredmedia":[{"embeddable":true,"href":"https:\/\/www.japan-touch.com\/lyon\/wp-json\/wp\/v2\/media\/4190"}],"wp:attachment":[{"href":"https:\/\/www.japan-touch.com\/lyon\/wp-json\/wp\/v2\/media?parent=1767"}],"curies":[{"name":"wp","href":"https:\/\/api.w.org\/{rel}","templated":true}]}}