{"id":1239,"date":"2018-07-26T12:43:51","date_gmt":"2018-07-26T10:43:51","guid":{"rendered":"https:\/\/www.japan-touch.com\/?page_id=1239"},"modified":"2025-09-22T15:40:57","modified_gmt":"2025-09-22T13:40:57","slug":"espace-presse-japan-touch","status":"publish","type":"page","link":"https:\/\/www.japan-touch.com\/lyon\/espace-presse-japan-touch\/","title":{"rendered":"ESPACE PRESSE Japan Touch"},"content":{"rendered":"<p>[et_pb_section fb_built=\u00a0\u00bb1&Prime; specialty=\u00a0\u00bbon\u00a0\u00bb _builder_version=\u00a0\u00bb4.24.0&Prime; top_divider_style=\u00a0\u00bbslant2&Prime; top_divider_color=\u00a0\u00bbgcid-165acc7c-f48e-4835-8d4b-6ffe822c9b63&Prime; top_divider_height=\u00a0\u00bb81px\u00a0\u00bb global_colors_info=\u00a0\u00bb{%22gcid-165acc7c-f48e-4835-8d4b-6ffe822c9b63%22:%91%22top_divider_color%22%93}\u00a0\u00bb][et_pb_column type=\u00a0\u00bb2_3&Prime; specialty_columns=\u00a0\u00bb2&Prime; _builder_version=\u00a0\u00bb4.16&Prime; custom_padding=\u00a0\u00bb|||\u00a0\u00bb global_colors_info=\u00a0\u00bb{}\u00a0\u00bb custom_padding__hover=\u00a0\u00bb|||\u00a0\u00bb][et_pb_row_inner _builder_version=\u00a0\u00bb4.16&Prime; global_colors_info=\u00a0\u00bb{}\u00a0\u00bb][et_pb_column_inner saved_specialty_column_type=\u00a0\u00bb2_3&Prime; _builder_version=\u00a0\u00bb4.4.5&Prime; global_colors_info=\u00a0\u00bb{}\u00a0\u00bb][et_pb_post_title meta=\u00a0\u00bboff\u00a0\u00bb featured_image=\u00a0\u00bboff\u00a0\u00bb _builder_version=\u00a0\u00bb4.16&Prime; global_colors_info=\u00a0\u00bb{}\u00a0\u00bb][\/et_pb_post_title][et_pb_text disabled_on=\u00a0\u00bboff|off|off\u00a0\u00bb admin_label=\u00a0\u00bbText\u00a0\u00bb _builder_version=\u00a0\u00bb4.24.0&Prime; background_size=\u00a0\u00bbinitial\u00a0\u00bb background_position=\u00a0\u00bbtop_left\u00a0\u00bb background_repeat=\u00a0\u00bbrepeat\u00a0\u00bb global_colors_info=\u00a0\u00bb{}\u00a0\u00bb]<iframe loading=\"lazy\" src=\"https:\/\/docs.google.com\/forms\/d\/e\/1FAIpQLSdMA9GNA01WyzJsr-fvjJKjbQhJMYoYx1VyRanXMe0jlN35OA\/viewform?pli=1 embedded=true\" width=\"640\" height=\"3808\" frameborder=\"0\" marginwidth=\"0\" marginheight=\"0\">Chargement\u2026<\/iframe>[\/et_pb_text][\/et_pb_column_inner][\/et_pb_row_inner][\/et_pb_column][et_pb_column type=\u00a0\u00bb1_3&Prime; _builder_version=\u00a0\u00bb4.16&Prime; custom_padding=\u00a0\u00bb|||\u00a0\u00bb global_colors_info=\u00a0\u00bb{}\u00a0\u00bb custom_padding__hover=\u00a0\u00bb|||\u00a0\u00bb][\/et_pb_column][\/et_pb_section]<\/p>\n","protected":false},"excerpt":{"rendered":"<p>Accr\u00e9ditation presse <\/p>\n","protected":false},"author":1,"featured_media":0,"parent":0,"menu_order":0,"comment_status":"closed","ping_status":"closed","template":"","meta":{"_acf_changed":false,"_et_pb_use_builder":"on","_et_pb_old_content":"Chargement\u2026","_et_gb_content_width":"","footnotes":""},"acf":[],"yoast_head":"<!-- This site is optimized with the Yoast SEO plugin v22.3 - https:\/\/yoast.com\/wordpress\/plugins\/seo\/ -->\n<title>ESPACE PRESSE Japan Touch - JAPAN TOUCH LYON<\/title>\n<meta name=\"description\" content=\"Vous travaillez pour la presse ? Faites votre demande d&#039;accr\u00e9ditation \u00e0 la JAPAN TOUCH, les 29 et 30 novembre 2025 \u00e0 Lyon Eurexpo via notre formulaire\" \/>\n<meta name=\"robots\" content=\"index, follow, max-snippet:-1, max-image-preview:large, max-video-preview:-1\" \/>\n<link rel=\"canonical\" href=\"https:\/\/www.japan-touch.com\/lyon\/espace-presse-japan-touch\/\" \/>\n<meta property=\"og:locale\" content=\"fr_FR\" \/>\n<meta property=\"og:type\" content=\"article\" \/>\n<meta property=\"og:title\" content=\"ESPACE PRESSE Japan Touch - JAPAN TOUCH LYON\" \/>\n<meta property=\"og:description\" content=\"Vous travaillez pour la presse ? Faites votre demande d&#039;accr\u00e9ditation \u00e0 la JAPAN TOUCH, les 29 et 30 novembre 2025 \u00e0 Lyon Eurexpo via notre formulaire\" \/>\n<meta property=\"og:url\" content=\"https:\/\/www.japan-touch.com\/lyon\/espace-presse-japan-touch\/\" \/>\n<meta property=\"og:site_name\" content=\"JAPAN TOUCH LYON\" \/>\n<meta property=\"article:modified_time\" content=\"2025-09-22T13:40:57+00:00\" \/>\n<meta name=\"twitter:card\" content=\"summary_large_image\" \/>\n<meta name=\"twitter:label1\" content=\"Dur\u00e9e de lecture estim\u00e9e\" \/>\n\t<meta name=\"twitter:data1\" content=\"1 minute\" \/>\n<script type=\"application\/ld+json\" class=\"yoast-schema-graph\">{\"@context\":\"https:\/\/schema.org\",\"@graph\":[{\"@type\":\"WebPage\",\"@id\":\"https:\/\/www.japan-touch.com\/lyon\/espace-presse-japan-touch\/\",\"url\":\"https:\/\/www.japan-touch.com\/lyon\/espace-presse-japan-touch\/\",\"name\":\"ESPACE PRESSE Japan Touch - JAPAN TOUCH LYON\",\"isPartOf\":{\"@id\":\"https:\/\/www.japan-touch.com\/lyon\/#website\"},\"datePublished\":\"2018-07-26T10:43:51+00:00\",\"dateModified\":\"2025-09-22T13:40:57+00:00\",\"description\":\"Vous travaillez pour la presse ? Faites votre demande d'accr\u00e9ditation \u00e0 la JAPAN TOUCH, les 29 et 30 novembre 2025 \u00e0 Lyon Eurexpo via notre formulaire\",\"breadcrumb\":{\"@id\":\"https:\/\/www.japan-touch.com\/lyon\/espace-presse-japan-touch\/#breadcrumb\"},\"inLanguage\":\"fr-FR\",\"potentialAction\":[{\"@type\":\"ReadAction\",\"target\":[\"https:\/\/www.japan-touch.com\/lyon\/espace-presse-japan-touch\/\"]}]},{\"@type\":\"BreadcrumbList\",\"@id\":\"https:\/\/www.japan-touch.com\/lyon\/espace-presse-japan-touch\/#breadcrumb\",\"itemListElement\":[{\"@type\":\"ListItem\",\"position\":1,\"name\":\"Accueil\",\"item\":\"https:\/\/www.japan-touch.com\/lyon\/\"},{\"@type\":\"ListItem\",\"position\":2,\"name\":\"ESPACE PRESSE Japan Touch\"}]},{\"@type\":\"WebSite\",\"@id\":\"https:\/\/www.japan-touch.com\/lyon\/#website\",\"url\":\"https:\/\/www.japan-touch.com\/lyon\/\",\"name\":\"JAPAN TOUCH LYON\",\"description\":\"Pop culture, mode, invit\u00e9s, animations, bonsa\u00ef, arts et traditions, id\u00e9es cadeaux, bien-\u00eatre et voyages\u2026\",\"potentialAction\":[{\"@type\":\"SearchAction\",\"target\":{\"@type\":\"EntryPoint\",\"urlTemplate\":\"https:\/\/www.japan-touch.com\/lyon\/?s={search_term_string}\"},\"query-input\":\"required name=search_term_string\"}],\"inLanguage\":\"fr-FR\"}]}<\/script>\n<!-- \/ Yoast SEO plugin. -->","yoast_head_json":{"title":"ESPACE PRESSE Japan Touch - JAPAN TOUCH LYON","description":"Vous travaillez pour la presse ? Faites votre demande d'accr\u00e9ditation \u00e0 la JAPAN TOUCH, les 29 et 30 novembre 2025 \u00e0 Lyon Eurexpo via notre formulaire","robots":{"index":"index","follow":"follow","max-snippet":"max-snippet:-1","max-image-preview":"max-image-preview:large","max-video-preview":"max-video-preview:-1"},"canonical":"https:\/\/www.japan-touch.com\/lyon\/espace-presse-japan-touch\/","og_locale":"fr_FR","og_type":"article","og_title":"ESPACE PRESSE Japan Touch - JAPAN TOUCH LYON","og_description":"Vous travaillez pour la presse ? Faites votre demande d'accr\u00e9ditation \u00e0 la JAPAN TOUCH, les 29 et 30 novembre 2025 \u00e0 Lyon Eurexpo via notre formulaire","og_url":"https:\/\/www.japan-touch.com\/lyon\/espace-presse-japan-touch\/","og_site_name":"JAPAN TOUCH LYON","article_modified_time":"2025-09-22T13:40:57+00:00","twitter_card":"summary_large_image","twitter_misc":{"Dur\u00e9e de lecture estim\u00e9e":"1 minute"},"schema":{"@context":"https:\/\/schema.org","@graph":[{"@type":"WebPage","@id":"https:\/\/www.japan-touch.com\/lyon\/espace-presse-japan-touch\/","url":"https:\/\/www.japan-touch.com\/lyon\/espace-presse-japan-touch\/","name":"ESPACE PRESSE Japan Touch - JAPAN TOUCH LYON","isPartOf":{"@id":"https:\/\/www.japan-touch.com\/lyon\/#website"},"datePublished":"2018-07-26T10:43:51+00:00","dateModified":"2025-09-22T13:40:57+00:00","description":"Vous travaillez pour la presse ? Faites votre demande d'accr\u00e9ditation \u00e0 la JAPAN TOUCH, les 29 et 30 novembre 2025 \u00e0 Lyon Eurexpo via notre formulaire","breadcrumb":{"@id":"https:\/\/www.japan-touch.com\/lyon\/espace-presse-japan-touch\/#breadcrumb"},"inLanguage":"fr-FR","potentialAction":[{"@type":"ReadAction","target":["https:\/\/www.japan-touch.com\/lyon\/espace-presse-japan-touch\/"]}]},{"@type":"BreadcrumbList","@id":"https:\/\/www.japan-touch.com\/lyon\/espace-presse-japan-touch\/#breadcrumb","itemListElement":[{"@type":"ListItem","position":1,"name":"Accueil","item":"https:\/\/www.japan-touch.com\/lyon\/"},{"@type":"ListItem","position":2,"name":"ESPACE PRESSE Japan Touch"}]},{"@type":"WebSite","@id":"https:\/\/www.japan-touch.com\/lyon\/#website","url":"https:\/\/www.japan-touch.com\/lyon\/","name":"JAPAN TOUCH LYON","description":"Pop culture, mode, invit\u00e9s, animations, bonsa\u00ef, arts et traditions, id\u00e9es cadeaux, bien-\u00eatre et voyages\u2026","potentialAction":[{"@type":"SearchAction","target":{"@type":"EntryPoint","urlTemplate":"https:\/\/www.japan-touch.com\/lyon\/?s={search_term_string}"},"query-input":"required name=search_term_string"}],"inLanguage":"fr-FR"}]}},"_links":{"self":[{"href":"https:\/\/www.japan-touch.com\/lyon\/wp-json\/wp\/v2\/pages\/1239"}],"collection":[{"href":"https:\/\/www.japan-touch.com\/lyon\/wp-json\/wp\/v2\/pages"}],"about":[{"href":"https:\/\/www.japan-touch.com\/lyon\/wp-json\/wp\/v2\/types\/page"}],"author":[{"embeddable":true,"href":"https:\/\/www.japan-touch.com\/lyon\/wp-json\/wp\/v2\/users\/1"}],"replies":[{"embeddable":true,"href":"https:\/\/www.japan-touch.com\/lyon\/wp-json\/wp\/v2\/comments?post=1239"}],"version-history":[{"count":60,"href":"https:\/\/www.japan-touch.com\/lyon\/wp-json\/wp\/v2\/pages\/1239\/revisions"}],"predecessor-version":[{"id":4268,"href":"https:\/\/www.japan-touch.com\/lyon\/wp-json\/wp\/v2\/pages\/1239\/revisions\/4268"}],"wp:attachment":[{"href":"https:\/\/www.japan-touch.com\/lyon\/wp-json\/wp\/v2\/media?parent=1239"}],"curies":[{"name":"wp","href":"https:\/\/api.w.org\/{rel}","templated":true}]}}