{"id":6,"date":"2018-01-05T15:35:14","date_gmt":"2018-01-05T14:35:14","guid":{"rendered":"http:\/\/geektouch-festival.com\/2018\/?page_id=6"},"modified":"2026-04-16T16:31:32","modified_gmt":"2026-04-16T14:31:32","slug":"accueil","status":"publish","type":"page","link":"https:\/\/www.japan-touch.com\/haru\/","title":{"rendered":"Festival JAPAN TOUCH HARU- GEEKTOUCH les 25 &amp; 26 avril 2026 \u00e0 Lyon Eurexpo"},"content":{"rendered":"<p>[et_pb_section fb_built=\u00a0\u00bb1&Prime; prev_background_color=\u00a0\u00bb#000000&Prime; _builder_version=\u00a0\u00bb4.24.0&Prime; _module_preset=\u00a0\u00bbdefault\u00a0\u00bb top_divider_style=\u00a0\u00bbclouds\u00a0\u00bb top_divider_height=\u00a0\u00bb100px\u00a0\u00bb global_colors_info=\u00a0\u00bb{}\u00a0\u00bb][et_pb_row _builder_version=\u00a0\u00bb4.24.0&Prime; _module_preset=\u00a0\u00bbdefault\u00a0\u00bb width=\u00a0\u00bb98%\u00a0\u00bb global_colors_info=\u00a0\u00bb{}\u00a0\u00bb][et_pb_column type=\u00a0\u00bb4_4&Prime; _builder_version=\u00a0\u00bb4.24.0&Prime; _module_preset=\u00a0\u00bbdefault\u00a0\u00bb global_colors_info=\u00a0\u00bb{}\u00a0\u00bb][et_pb_text admin_label=\u00a0\u00bbText\u00a0\u00bb _builder_version=\u00a0\u00bb4.24.0&Prime; header_2_font=\u00a0\u00bb|||||on|||\u00a0\u00bb background_image=\u00a0\u00bbhttps:\/\/www.japan-touch.com\/haru\/wp-content\/uploads\/sites\/8\/2025\/01\/patte-l.svg\u00a0\u00bb background_size=\u00a0\u00bbcontain\u00a0\u00bb background_position=\u00a0\u00bbtop_center\u00a0\u00bb global_colors_info=\u00a0\u00bb{}\u00a0\u00bb]<\/p>\n<h2 style=\"text-align: center\"><strong><br \/><img loading=\"lazy\" decoding=\"async\" src=\"https:\/\/www.japan-touch.com\/haru\/wp-content\/uploads\/sites\/8\/2025\/01\/poupee2.svg\" width=\"35\" height=\"40\" alt=\"\" class=\"wp-image-245384 aligncenter size-full\" \/><\/strong><\/h2>\n<h2 style=\"text-align: center\"><strong><\/strong><\/h2>\n<h2 style=\"text-align: center\"><strong><\/strong><\/h2>\n<h2 style=\"text-align: center\"><strong>FESTIVAL JAPAN TOUCH HARU &#8211; GEEKTOUCH<br \/>les 25 &amp; 26 avril 2026 \u00e0 Lyon Eurexpo<\/strong><\/h2>\n<h4 style=\"text-align: center\">11\u00e8me \u00e9dition<\/h4>\n<h3 style=\"text-align: center\"><strong><\/strong><\/h3>\n<h3 style=\"text-align: center\"><strong><\/strong><\/h3>\n<h3 style=\"text-align: center\"><strong><\/strong><\/h3>\n<h3 style=\"text-align: center\"><strong><\/strong><\/h3>\n<h3 style=\"text-align: center\"><strong>Le festival 100 % pop culture japonaise et asiatique : manga, cosplay, jeux vid\u00e9o, mode, \u2026<br \/><\/strong><\/h3>\n<p style=\"text-align: center\"><strong>+ de 50 animations &amp; invit\u00e9s, <\/strong><strong>300 exposants sur\u00a0<\/strong><strong>25 000m\u00b2<\/strong><\/p>\n<blockquote><\/blockquote>\n<p>[\/et_pb_text][\/et_pb_column][\/et_pb_row][et_pb_row column_structure=\u00a0\u00bb2_3,1_3&Prime; _builder_version=\u00a0\u00bb4.24.0&Prime; _module_preset=\u00a0\u00bbdefault\u00a0\u00bb width=\u00a0\u00bb98%\u00a0\u00bb global_colors_info=\u00a0\u00bb{}\u00a0\u00bb][et_pb_column type=\u00a0\u00bb2_3&Prime; _builder_version=\u00a0\u00bb4.24.0&Prime; _module_preset=\u00a0\u00bbdefault\u00a0\u00bb global_colors_info=\u00a0\u00bb{}\u00a0\u00bb][dsm_blog_carousel include_categories=\u00a0\u00bb2,3&Prime; use_overlay=\u00a0\u00bbon\u00a0\u00bb overlay_icon=\u00a0\u00bb&#x50;||divi||400&Prime; overlay_icon_color=\u00a0\u00bb#D3D3D3&Prime; overlay_icon_size=\u00a0\u00bb42px\u00a0\u00bb hover_overlay_color=\u00a0\u00bbrgba(0,0,0,0.42)\u00a0\u00bb thumbnail_height=\u00a0\u00bb400px\u00a0\u00bb use_date=\u00a0\u00bboff\u00a0\u00bb use_author=\u00a0\u00bboff\u00a0\u00bb use_readmore=\u00a0\u00bbon\u00a0\u00bb readmore_text=\u00a0\u00bben savoir +\u00a0\u00bb slider_effect=\u00a0\u00bbcoverflow\u00a0\u00bb slider_effect_coverflow_rotate=\u00a0\u00bb51&Prime; slider_effect_coverflow_depth=\u00a0\u00bb118&Prime; multiple_slide_row=\u00a0\u00bbon\u00a0\u00bb centered_slides=\u00a0\u00bbon\u00a0\u00bb spacing=\u00a0\u00bb5&Prime; pause_on_hover=\u00a0\u00bbon\u00a0\u00bb use_pagi=\u00a0\u00bboff\u00a0\u00bb post_item_bg_color=\u00a0\u00bb#E5E5E5&Prime; disabled_on=\u00a0\u00bboff|off|off\u00a0\u00bb _builder_version=\u00a0\u00bb4.24.0&Prime; _module_preset=\u00a0\u00bbdefault\u00a0\u00bb title_font=\u00a0\u00bb||||on|on||#FFFFFF|\u00a0\u00bb title_text_align=\u00a0\u00bbcenter\u00a0\u00bb title_text_color=\u00a0\u00bb#000000&Prime; title_letter_spacing=\u00a0\u00bb1px\u00a0\u00bb body_font=\u00a0\u00bb|300|||||||\u00a0\u00bb background_image=\u00a0\u00bbhttps:\/\/www.japan-touch.com\/haru\/wp-content\/uploads\/sites\/8\/2025\/01\/patte-r.svg\u00a0\u00bb background_size=\u00a0\u00bbcustom\u00a0\u00bb background_image_width=\u00a0\u00bb18%\u00a0\u00bb background_image_height=\u00a0\u00bb40%\u00a0\u00bb background_position=\u00a0\u00bbcenter_right\u00a0\u00bb background_repeat=\u00a0\u00bbspace\u00a0\u00bb custom_readmore=\u00a0\u00bbon\u00a0\u00bb readmore_text_size=\u00a0\u00bb0.8em\u00a0\u00bb readmore_bg_color=\u00a0\u00bb#d8d8d8&Prime; readmore_icon=\u00a0\u00bb&#x49;||divi||400&Prime; readmore_icon_color=\u00a0\u00bb#E02B20&Prime; readmore_alignment=\u00a0\u00bbright\u00a0\u00bb custom_margin=\u00a0\u00bb||34px||false|false\u00a0\u00bb global_colors_info=\u00a0\u00bb{}\u00a0\u00bb][\/dsm_blog_carousel][et_pb_countdown_timer title=\u00a0\u00bbLe festival d\u00e9bute dans\u00a0\u00bb date_time=\u00a0\u00bb2026-04-25 09:00&Prime; _builder_version=\u00a0\u00bb4.24.0&Prime; _module_preset=\u00a0\u00bbdefault\u00a0\u00bb header_font=\u00a0\u00bb|700|||||||\u00a0\u00bb header_font_size=\u00a0\u00bb30px\u00a0\u00bb numbers_font_size=\u00a0\u00bb2.5em\u00a0\u00bb label_font_size=\u00a0\u00bb12px\u00a0\u00bb width_tablet=\u00a0\u00bb\u00a0\u00bb width_phone=\u00a0\u00bb100%\u00a0\u00bb width_last_edited=\u00a0\u00bbon|phone\u00a0\u00bb max_width=\u00a0\u00bb100%\u00a0\u00bb module_alignment=\u00a0\u00bbcenter\u00a0\u00bb hover_enabled=\u00a0\u00bb0&Prime; global_colors_info=\u00a0\u00bb{}\u00a0\u00bb numbers_font=\u00a0\u00bb|800|||||||\u00a0\u00bb sticky_enabled=\u00a0\u00bb0&Prime;][\/et_pb_countdown_timer][\/et_pb_column][et_pb_column type=\u00a0\u00bb1_3&Prime; _builder_version=\u00a0\u00bb4.24.0&Prime; _module_preset=\u00a0\u00bbdefault\u00a0\u00bb custom_padding=\u00a0\u00bb|||10px|false|false\u00a0\u00bb border_width_left=\u00a0\u00bb2px\u00a0\u00bb global_colors_info=\u00a0\u00bb{}\u00a0\u00bb][et_pb_image src=\u00a0\u00bbhttps:\/\/www.japan-touch.com\/haru\/wp-content\/uploads\/sites\/8\/2026\/02\/JTH_GT_2026_72dpi_40x60.png\u00a0\u00bb title_text=\u00a0\u00bbJTH GT 2026&Prime; _builder_version=\u00a0\u00bb4.24.0&Prime; _module_preset=\u00a0\u00bbdefault\u00a0\u00bb global_colors_info=\u00a0\u00bb{}\u00a0\u00bb][\/et_pb_image][et_pb_button button_url=\u00a0\u00bb@ET-DC@eyJkeW5hbWljIjp0cnVlLCJjb250ZW50IjoicG9zdF9saW5rX3VybF9wYWdlIiwic2V0dGluZ3MiOnsicG9zdF9pZCI6IjMyIiwiZW5hYmxlX2h0bWwiOiJvZmYifX0=@\u00a0\u00bb button_text=\u00a0\u00bbBilletterie\u00a0\u00bb button_alignment=\u00a0\u00bbcenter\u00a0\u00bb disabled_on=\u00a0\u00bboff|off|off\u00a0\u00bb _builder_version=\u00a0\u00bb4.24.0&Prime; _dynamic_attributes=\u00a0\u00bbbutton_url\u00a0\u00bb _module_preset=\u00a0\u00bbdefault\u00a0\u00bb custom_button=\u00a0\u00bbon\u00a0\u00bb button_text_size=\u00a0\u00bb22px\u00a0\u00bb button_text_color=\u00a0\u00bb#FFFFFF\u00a0\u00bb button_bg_color=\u00a0\u00bbgcid-dc52b6fb-ade7-46b1-a22d-4d52e2c5fac5&Prime; button_border_color=\u00a0\u00bb#FFFFFF\u00a0\u00bb button_border_radius=\u00a0\u00bb100px\u00a0\u00bb button_letter_spacing=\u00a0\u00bb2px\u00a0\u00bb button_font=\u00a0\u00bb|||on|||||\u00a0\u00bb button_icon=\u00a0\u00bb&#xf3ff;||fa||900&Prime; button_icon_placement=\u00a0\u00bbleft\u00a0\u00bb transform_scale_tablet=\u00a0\u00bb\u00a0\u00bb transform_scale_phone=\u00a0\u00bb\u00a0\u00bb transform_scale_last_edited=\u00a0\u00bbon|desktop\u00a0\u00bb transform_translate_tablet=\u00a0\u00bb\u00a0\u00bb transform_translate_phone=\u00a0\u00bb\u00a0\u00bb transform_translate_last_edited=\u00a0\u00bbon|desktop\u00a0\u00bb transform_rotate_tablet=\u00a0\u00bb\u00a0\u00bb transform_rotate_phone=\u00a0\u00bb\u00a0\u00bb transform_rotate_last_edited=\u00a0\u00bbon|desktop\u00a0\u00bb transform_skew_tablet=\u00a0\u00bb\u00a0\u00bb transform_skew_phone=\u00a0\u00bb\u00a0\u00bb transform_skew_last_edited=\u00a0\u00bbon|desktop\u00a0\u00bb transform_origin_tablet=\u00a0\u00bb\u00a0\u00bb transform_origin_phone=\u00a0\u00bb\u00a0\u00bb transform_origin_last_edited=\u00a0\u00bbon|desktop\u00a0\u00bb transform_styles_last_edited=\u00a0\u00bbon|desktop\u00a0\u00bb background_layout=\u00a0\u00bbdark\u00a0\u00bb hover_enabled=\u00a0\u00bb0&Prime; transform_styles_tablet=\u00a0\u00bb\u00a0\u00bb transform_styles_phone=\u00a0\u00bb\u00a0\u00bb box_shadow_style=\u00a0\u00bbpreset4&Prime; box_shadow_horizontal=\u00a0\u00bb0px\u00a0\u00bb box_shadow_vertical=\u00a0\u00bb6px\u00a0\u00bb global_colors_info=\u00a0\u00bb{%22gcid-dc52b6fb-ade7-46b1-a22d-4d52e2c5fac5%22:%91%22button_bg_color%22%93}\u00a0\u00bb transform_styles__hover_enabled=\u00a0\u00bbon|hover\u00a0\u00bb transform_scale__hover_enabled=\u00a0\u00bbon|hover\u00a0\u00bb transform_translate__hover_enabled=\u00a0\u00bbon|desktop\u00a0\u00bb transform_rotate__hover_enabled=\u00a0\u00bbon|desktop\u00a0\u00bb transform_skew__hover_enabled=\u00a0\u00bbon|desktop\u00a0\u00bb transform_origin__hover_enabled=\u00a0\u00bbon|desktop\u00a0\u00bb transform_scale__hover=\u00a0\u00bb134%|134%\u00a0\u00bb sticky_enabled=\u00a0\u00bb0&Prime;][\/et_pb_button][et_pb_text _builder_version=\u00a0\u00bb4.24.0&Prime; _module_preset=\u00a0\u00bbdefault\u00a0\u00bb global_colors_info=\u00a0\u00bb{}\u00a0\u00bb]<\/p>\n<h4 class=\"x_widgettitle\" style=\"text-align: center\"><strong>Gagnez du temps en achetant vos places en ligne !<\/strong><\/h4>\n<p>[\/et_pb_text][\/et_pb_column][\/et_pb_row][\/et_pb_section]<\/p>\n","protected":false},"excerpt":{"rendered":"<p>Festival 100 % pop culture : comics, bd, SF &amp; fantasy, webs\u00e9ries, s\u00e9ries, cin\u00e9ma, gaming&#8230; \u00e0 Lyon<\/p>\n","protected":false},"author":1,"featured_media":245855,"parent":0,"menu_order":0,"comment_status":"closed","ping_status":"closed","template":"","meta":{"_acf_changed":false,"_et_pb_use_builder":"on","_et_pb_old_content":"<p>[vc_section el_id=\"intro\"][vc_row][vc_column][vc_column_text css_animation=\"zoomIn\" css=\".vc_custom_1638393464088{margin-bottom: 24px !important;}\"]<\/p>\r\n<h2>Festival JAPAN TOUCH HARU les 7 & 8 mai 2022 \u00e0 Lyon Eurexpo<\/h2>\r\n<p>[\/vc_column_text][\/vc_column][\/vc_row][\/vc_section][vc_row][vc_column width=\"1\/3\"][vc_column_text css_animation=\"zoomIn\" css=\".vc_custom_1580658901239{margin-bottom: 24px !important;}\"]<\/p>\r\n<blockquote><p>le festival 100 % pop culture japonaise : manga, cosplay, jeux vid\u00e9o, mode, \u2026 \u2022 50 animations & invit\u00e9s \u2022 80 exposants \u2022 13 000m\u00b2 \u2022<\/p><\/blockquote>\r\n<p>[\/vc_column_text][vc_single_image image=\"941\" img_size=\"full\" alignment=\"center\" style=\"vc_box_shadow\" lightbox=\"enable\"][vc_column_text css=\".vc_custom_1651584096195{padding-top: 12px !important;}\"]<i class=\"fas fa-exclamation-triangle\" aria-hidden=\"true\"><\/i> Le masque et le pass sanitaire ne sont plus obligatoires sur nos \u00e9v\u00e9nements\u2026 comme partout ailleurs ![\/vc_column_text][\/vc_column][vc_column width=\"2\/3\"][rev_slider slidertitle=\"Slider 2\" alias=\"slider-2\"][\/vc_column][\/vc_row]<\/p>\r\n","_et_gb_content_width":"","footnotes":""},"acf":[],"yoast_head":"<!-- This site is optimized with the Yoast SEO plugin v22.3 - https:\/\/yoast.com\/wordpress\/plugins\/seo\/ -->\n<title>JAPAN TOUCH HARU\/GEEKTOUCH - 17 &amp; 18 mai 2025 \u00e0 Lyon Eurexpo<\/title>\n<meta name=\"description\" content=\"Festival JAPAN TOUCH HARU \u00e0 Lyon Eurexpo. Festival 100 % pop culture : comics, bd, SF &amp; fantasy, webs\u00e9ries, s\u00e9ries, cin\u00e9ma, gaming...\" \/>\n<meta name=\"robots\" content=\"index, follow, max-snippet:-1, max-image-preview:large, max-video-preview:-1\" \/>\n<link rel=\"canonical\" href=\"https:\/\/www.japan-touch.com\/haru\/\" \/>\n<meta property=\"og:locale\" content=\"fr_FR\" \/>\n<meta property=\"og:type\" content=\"article\" \/>\n<meta property=\"og:title\" content=\"JAPAN TOUCH HARU\/GEEKTOUCH - 17 &amp; 18 mai 2025 \u00e0 Lyon Eurexpo\" \/>\n<meta property=\"og:description\" content=\"Festival JAPAN TOUCH HARU \u00e0 Lyon Eurexpo. Festival 100 % pop culture : comics, bd, SF &amp; fantasy, webs\u00e9ries, s\u00e9ries, cin\u00e9ma, gaming...\" \/>\n<meta property=\"og:url\" content=\"https:\/\/www.japan-touch.com\/haru\/\" \/>\n<meta property=\"og:site_name\" content=\"JAPAN TOUCH Haru\" \/>\n<meta property=\"article:modified_time\" content=\"2026-04-16T14:31:32+00:00\" \/>\n<meta property=\"og:image\" content=\"https:\/\/www.japan-touch.com\/haru\/wp-content\/uploads\/sites\/8\/2026\/02\/JTH_GT_2026_72dpi_40x60.png\" \/>\n\t<meta property=\"og:image:width\" content=\"1164\" \/>\n\t<meta property=\"og:image:height\" content=\"1732\" \/>\n\t<meta property=\"og:image:type\" content=\"image\/png\" \/>\n<meta name=\"twitter:card\" content=\"summary_large_image\" \/>\n<meta name=\"twitter:label1\" content=\"Dur\u00e9e de lecture estim\u00e9e\" \/>\n\t<meta name=\"twitter:data1\" content=\"6 minutes\" \/>\n<script type=\"application\/ld+json\" class=\"yoast-schema-graph\">{\"@context\":\"https:\/\/schema.org\",\"@graph\":[{\"@type\":\"WebPage\",\"@id\":\"https:\/\/www.japan-touch.com\/haru\/\",\"url\":\"https:\/\/www.japan-touch.com\/haru\/\",\"name\":\"JAPAN TOUCH HARU\/GEEKTOUCH - 17 & 18 mai 2025 \u00e0 Lyon Eurexpo\",\"isPartOf\":{\"@id\":\"https:\/\/www.japan-touch.com\/haru\/#website\"},\"primaryImageOfPage\":{\"@id\":\"https:\/\/www.japan-touch.com\/haru\/#primaryimage\"},\"image\":{\"@id\":\"https:\/\/www.japan-touch.com\/haru\/#primaryimage\"},\"thumbnailUrl\":\"https:\/\/www.japan-touch.com\/haru\/wp-content\/uploads\/sites\/8\/2026\/02\/JTH_GT_2026_72dpi_40x60.png\",\"datePublished\":\"2018-01-05T14:35:14+00:00\",\"dateModified\":\"2026-04-16T14:31:32+00:00\",\"description\":\"Festival JAPAN TOUCH HARU \u00e0 Lyon Eurexpo. Festival 100 % pop culture : comics, bd, SF & fantasy, webs\u00e9ries, s\u00e9ries, cin\u00e9ma, gaming...\",\"breadcrumb\":{\"@id\":\"https:\/\/www.japan-touch.com\/haru\/#breadcrumb\"},\"inLanguage\":\"fr-FR\",\"potentialAction\":[{\"@type\":\"ReadAction\",\"target\":[\"https:\/\/www.japan-touch.com\/haru\/\"]}]},{\"@type\":\"ImageObject\",\"inLanguage\":\"fr-FR\",\"@id\":\"https:\/\/www.japan-touch.com\/haru\/#primaryimage\",\"url\":\"https:\/\/www.japan-touch.com\/haru\/wp-content\/uploads\/sites\/8\/2026\/02\/JTH_GT_2026_72dpi_40x60.png\",\"contentUrl\":\"https:\/\/www.japan-touch.com\/haru\/wp-content\/uploads\/sites\/8\/2026\/02\/JTH_GT_2026_72dpi_40x60.png\",\"width\":1164,\"height\":1732},{\"@type\":\"BreadcrumbList\",\"@id\":\"https:\/\/www.japan-touch.com\/haru\/#breadcrumb\",\"itemListElement\":[{\"@type\":\"ListItem\",\"position\":1,\"name\":\"Accueil\",\"item\":\"https:\/\/www.japan-touch.com\/haru\/\"},{\"@type\":\"ListItem\",\"position\":2,\"name\":\"Festival JAPAN TOUCH HARU- GEEKTOUCH les 25 &amp; 26 avril 2026 \u00e0 Lyon Eurexpo\"}]},{\"@type\":\"WebSite\",\"@id\":\"https:\/\/www.japan-touch.com\/haru\/#website\",\"url\":\"https:\/\/www.japan-touch.com\/haru\/\",\"name\":\"JAPAN TOUCH Haru\",\"description\":\"17 et 18 mai 2025\",\"potentialAction\":[{\"@type\":\"SearchAction\",\"target\":{\"@type\":\"EntryPoint\",\"urlTemplate\":\"https:\/\/www.japan-touch.com\/haru\/?s={search_term_string}\"},\"query-input\":\"required name=search_term_string\"}],\"inLanguage\":\"fr-FR\"}]}<\/script>\n<!-- \/ Yoast SEO plugin. -->","yoast_head_json":{"title":"JAPAN TOUCH HARU\/GEEKTOUCH - 17 & 18 mai 2025 \u00e0 Lyon Eurexpo","description":"Festival JAPAN TOUCH HARU \u00e0 Lyon Eurexpo. Festival 100 % pop culture : comics, bd, SF & fantasy, webs\u00e9ries, s\u00e9ries, cin\u00e9ma, gaming...","robots":{"index":"index","follow":"follow","max-snippet":"max-snippet:-1","max-image-preview":"max-image-preview:large","max-video-preview":"max-video-preview:-1"},"canonical":"https:\/\/www.japan-touch.com\/haru\/","og_locale":"fr_FR","og_type":"article","og_title":"JAPAN TOUCH HARU\/GEEKTOUCH - 17 & 18 mai 2025 \u00e0 Lyon Eurexpo","og_description":"Festival JAPAN TOUCH HARU \u00e0 Lyon Eurexpo. Festival 100 % pop culture : comics, bd, SF & fantasy, webs\u00e9ries, s\u00e9ries, cin\u00e9ma, gaming...","og_url":"https:\/\/www.japan-touch.com\/haru\/","og_site_name":"JAPAN TOUCH Haru","article_modified_time":"2026-04-16T14:31:32+00:00","og_image":[{"width":1164,"height":1732,"url":"https:\/\/www.japan-touch.com\/haru\/wp-content\/uploads\/sites\/8\/2026\/02\/JTH_GT_2026_72dpi_40x60.png","type":"image\/png"}],"twitter_card":"summary_large_image","twitter_misc":{"Dur\u00e9e de lecture estim\u00e9e":"6 minutes"},"schema":{"@context":"https:\/\/schema.org","@graph":[{"@type":"WebPage","@id":"https:\/\/www.japan-touch.com\/haru\/","url":"https:\/\/www.japan-touch.com\/haru\/","name":"JAPAN TOUCH HARU\/GEEKTOUCH - 17 & 18 mai 2025 \u00e0 Lyon Eurexpo","isPartOf":{"@id":"https:\/\/www.japan-touch.com\/haru\/#website"},"primaryImageOfPage":{"@id":"https:\/\/www.japan-touch.com\/haru\/#primaryimage"},"image":{"@id":"https:\/\/www.japan-touch.com\/haru\/#primaryimage"},"thumbnailUrl":"https:\/\/www.japan-touch.com\/haru\/wp-content\/uploads\/sites\/8\/2026\/02\/JTH_GT_2026_72dpi_40x60.png","datePublished":"2018-01-05T14:35:14+00:00","dateModified":"2026-04-16T14:31:32+00:00","description":"Festival JAPAN TOUCH HARU \u00e0 Lyon Eurexpo. Festival 100 % pop culture : comics, bd, SF & fantasy, webs\u00e9ries, s\u00e9ries, cin\u00e9ma, gaming...","breadcrumb":{"@id":"https:\/\/www.japan-touch.com\/haru\/#breadcrumb"},"inLanguage":"fr-FR","potentialAction":[{"@type":"ReadAction","target":["https:\/\/www.japan-touch.com\/haru\/"]}]},{"@type":"ImageObject","inLanguage":"fr-FR","@id":"https:\/\/www.japan-touch.com\/haru\/#primaryimage","url":"https:\/\/www.japan-touch.com\/haru\/wp-content\/uploads\/sites\/8\/2026\/02\/JTH_GT_2026_72dpi_40x60.png","contentUrl":"https:\/\/www.japan-touch.com\/haru\/wp-content\/uploads\/sites\/8\/2026\/02\/JTH_GT_2026_72dpi_40x60.png","width":1164,"height":1732},{"@type":"BreadcrumbList","@id":"https:\/\/www.japan-touch.com\/haru\/#breadcrumb","itemListElement":[{"@type":"ListItem","position":1,"name":"Accueil","item":"https:\/\/www.japan-touch.com\/haru\/"},{"@type":"ListItem","position":2,"name":"Festival JAPAN TOUCH HARU- GEEKTOUCH les 25 &amp; 26 avril 2026 \u00e0 Lyon Eurexpo"}]},{"@type":"WebSite","@id":"https:\/\/www.japan-touch.com\/haru\/#website","url":"https:\/\/www.japan-touch.com\/haru\/","name":"JAPAN TOUCH Haru","description":"17 et 18 mai 2025","potentialAction":[{"@type":"SearchAction","target":{"@type":"EntryPoint","urlTemplate":"https:\/\/www.japan-touch.com\/haru\/?s={search_term_string}"},"query-input":"required name=search_term_string"}],"inLanguage":"fr-FR"}]}},"_links":{"self":[{"href":"https:\/\/www.japan-touch.com\/haru\/wp-json\/wp\/v2\/pages\/6"}],"collection":[{"href":"https:\/\/www.japan-touch.com\/haru\/wp-json\/wp\/v2\/pages"}],"about":[{"href":"https:\/\/www.japan-touch.com\/haru\/wp-json\/wp\/v2\/types\/page"}],"author":[{"embeddable":true,"href":"https:\/\/www.japan-touch.com\/haru\/wp-json\/wp\/v2\/users\/1"}],"replies":[{"embeddable":true,"href":"https:\/\/www.japan-touch.com\/haru\/wp-json\/wp\/v2\/comments?post=6"}],"version-history":[{"count":91,"href":"https:\/\/www.japan-touch.com\/haru\/wp-json\/wp\/v2\/pages\/6\/revisions"}],"predecessor-version":[{"id":246030,"href":"https:\/\/www.japan-touch.com\/haru\/wp-json\/wp\/v2\/pages\/6\/revisions\/246030"}],"wp:featuredmedia":[{"embeddable":true,"href":"https:\/\/www.japan-touch.com\/haru\/wp-json\/wp\/v2\/media\/245855"}],"wp:attachment":[{"href":"https:\/\/www.japan-touch.com\/haru\/wp-json\/wp\/v2\/media?parent=6"}],"curies":[{"name":"wp","href":"https:\/\/api.w.org\/{rel}","templated":true}]}}