{"id":17,"date":"2018-01-05T16:15:49","date_gmt":"2018-01-05T15:15:49","guid":{"rendered":"http:\/\/geektouch-festival.com\/2018\/?page_id=17"},"modified":"2026-03-24T11:52:15","modified_gmt":"2026-03-24T10:52:15","slug":"decouvrez-animations-de-la-japan-touch-haru","status":"publish","type":"page","link":"https:\/\/www.japan-touch.com\/haru\/decouvrez-animations-de-la-japan-touch-haru\/","title":{"rendered":"D\u00e9couvrez les ANIMATIONS de la JAPAN TOUCH HARU"},"content":{"rendered":"<p>[et_pb_section fb_built=\u00a0\u00bb1&Prime; prev_background_color=\u00a0\u00bb#000000&Prime; _builder_version=\u00a0\u00bb4.24.0&Prime; _module_preset=\u00a0\u00bbdefault\u00a0\u00bb top_divider_style=\u00a0\u00bbclouds\u00a0\u00bb top_divider_height=\u00a0\u00bb100px\u00a0\u00bb global_colors_info=\u00a0\u00bb{}\u00a0\u00bb][et_pb_row _builder_version=\u00a0\u00bb4.20.1&Prime; _module_preset=\u00a0\u00bbdefault\u00a0\u00bb hover_enabled=\u00a0\u00bb0&Prime; global_colors_info=\u00a0\u00bb{}\u00a0\u00bb sticky_enabled=\u00a0\u00bb0&Prime;][et_pb_column type=\u00a0\u00bb4_4&Prime; _builder_version=\u00a0\u00bb4.20.1&Prime; _module_preset=\u00a0\u00bbdefault\u00a0\u00bb global_colors_info=\u00a0\u00bb{}\u00a0\u00bb][et_pb_text _builder_version=\u00a0\u00bb4.24.0&Prime; _module_preset=\u00a0\u00bbdefault\u00a0\u00bb hover_enabled=\u00a0\u00bb0&Prime; global_colors_info=\u00a0\u00bb{}\u00a0\u00bb sticky_enabled=\u00a0\u00bb0&Prime;]<\/p>\n<h1><\/h1>\n<p>&nbsp;<\/p>\n<p>&nbsp;<\/p>\n<p>&nbsp;<\/p>\n<h1><i class=\"fa-solid fa-gamepad\" style=\"color: #e30613\" aria-hidden=\"true\"><\/i> <strong>Animations<\/strong><\/h1>\n<blockquote>\n<h2>D\u00e9couvrez les activit\u00e9s JAPAN TOUCH HARU 2026<\/h2>\n<\/blockquote>\n<p>[\/et_pb_text][\/et_pb_column][\/et_pb_row][et_pb_row _builder_version=\u00a0\u00bb4.24.0&Prime; _module_preset=\u00a0\u00bbdefault\u00a0\u00bb][et_pb_column _builder_version=\u00a0\u00bb4.24.0&Prime; _module_preset=\u00a0\u00bbdefault\u00a0\u00bb type=\u00a0\u00bb4_4&Prime;][et_pb_blog _builder_version=\u00a0\u00bb4.24.0&Prime; _module_preset=\u00a0\u00bbdefault\u00a0\u00bb include_categories=\u00a0\u00bb62&Prime; hover_enabled=\u00a0\u00bb0&Prime; sticky_enabled=\u00a0\u00bb0&Prime;][\/et_pb_blog][\/et_pb_column][\/et_pb_row][\/et_pb_section]<\/p>\n","protected":false},"excerpt":{"rendered":"<p>D\u00e9couvrez les activit\u00e9s JAPAN TOUCH HARU 2026<\/p>\n","protected":false},"author":1,"featured_media":0,"parent":0,"menu_order":0,"comment_status":"closed","ping_status":"closed","template":"","meta":{"_acf_changed":false,"_et_pb_use_builder":"on","_et_pb_old_content":"","_et_gb_content_width":"","footnotes":""},"acf":[],"yoast_head":"<!-- This site is optimized with the Yoast SEO plugin v22.3 - https:\/\/yoast.com\/wordpress\/plugins\/seo\/ -->\n<title>D\u00e9couvrez les ANIMATIONS de la l&#039;\u00e9dition JAPAN TOUCH HARU<\/title>\n<meta name=\"description\" content=\"Pop, manga, geek zone, jeux vid\u00e9o, mondes imaginaires : D\u00e9couvrez les animations de l&#039;\u00e9dition JAPAN TOUCH HARU \u00e0 Lyon Eurexpo\" \/>\n<meta name=\"robots\" content=\"index, follow, max-snippet:-1, max-image-preview:large, max-video-preview:-1\" \/>\n<link rel=\"canonical\" href=\"https:\/\/www.japan-touch.com\/haru\/decouvrez-animations-de-la-japan-touch-haru\/\" \/>\n<meta property=\"og:locale\" content=\"fr_FR\" \/>\n<meta property=\"og:type\" content=\"article\" \/>\n<meta property=\"og:title\" content=\"D\u00e9couvrez les ANIMATIONS de la l&#039;\u00e9dition JAPAN TOUCH HARU\" \/>\n<meta property=\"og:description\" content=\"Pop, manga, geek zone, jeux vid\u00e9o, mondes imaginaires : D\u00e9couvrez les animations de l&#039;\u00e9dition JAPAN TOUCH HARU \u00e0 Lyon Eurexpo\" \/>\n<meta property=\"og:url\" content=\"https:\/\/www.japan-touch.com\/haru\/decouvrez-animations-de-la-japan-touch-haru\/\" \/>\n<meta property=\"og:site_name\" content=\"JAPAN TOUCH Haru\" \/>\n<meta property=\"article:modified_time\" content=\"2026-03-24T10:52:15+00:00\" \/>\n<meta name=\"twitter:card\" content=\"summary_large_image\" \/>\n<meta name=\"twitter:label1\" content=\"Dur\u00e9e de lecture estim\u00e9e\" \/>\n\t<meta name=\"twitter:data1\" content=\"2 minutes\" \/>\n<script type=\"application\/ld+json\" class=\"yoast-schema-graph\">{\"@context\":\"https:\/\/schema.org\",\"@graph\":[{\"@type\":\"WebPage\",\"@id\":\"https:\/\/www.japan-touch.com\/haru\/decouvrez-animations-de-la-japan-touch-haru\/\",\"url\":\"https:\/\/www.japan-touch.com\/haru\/decouvrez-animations-de-la-japan-touch-haru\/\",\"name\":\"D\u00e9couvrez les ANIMATIONS de la l'\u00e9dition JAPAN TOUCH HARU\",\"isPartOf\":{\"@id\":\"https:\/\/www.japan-touch.com\/haru\/#website\"},\"datePublished\":\"2018-01-05T15:15:49+00:00\",\"dateModified\":\"2026-03-24T10:52:15+00:00\",\"description\":\"Pop, manga, geek zone, jeux vid\u00e9o, mondes imaginaires : D\u00e9couvrez les animations de l'\u00e9dition JAPAN TOUCH HARU \u00e0 Lyon Eurexpo\",\"breadcrumb\":{\"@id\":\"https:\/\/www.japan-touch.com\/haru\/decouvrez-animations-de-la-japan-touch-haru\/#breadcrumb\"},\"inLanguage\":\"fr-FR\",\"potentialAction\":[{\"@type\":\"ReadAction\",\"target\":[\"https:\/\/www.japan-touch.com\/haru\/decouvrez-animations-de-la-japan-touch-haru\/\"]}]},{\"@type\":\"BreadcrumbList\",\"@id\":\"https:\/\/www.japan-touch.com\/haru\/decouvrez-animations-de-la-japan-touch-haru\/#breadcrumb\",\"itemListElement\":[{\"@type\":\"ListItem\",\"position\":1,\"name\":\"Accueil\",\"item\":\"https:\/\/www.japan-touch.com\/haru\/\"},{\"@type\":\"ListItem\",\"position\":2,\"name\":\"D\u00e9couvrez les ANIMATIONS de la JAPAN TOUCH HARU\"}]},{\"@type\":\"WebSite\",\"@id\":\"https:\/\/www.japan-touch.com\/haru\/#website\",\"url\":\"https:\/\/www.japan-touch.com\/haru\/\",\"name\":\"JAPAN TOUCH Haru\",\"description\":\"17 et 18 mai 2025\",\"potentialAction\":[{\"@type\":\"SearchAction\",\"target\":{\"@type\":\"EntryPoint\",\"urlTemplate\":\"https:\/\/www.japan-touch.com\/haru\/?s={search_term_string}\"},\"query-input\":\"required name=search_term_string\"}],\"inLanguage\":\"fr-FR\"}]}<\/script>\n<!-- \/ Yoast SEO plugin. -->","yoast_head_json":{"title":"D\u00e9couvrez les ANIMATIONS de la l'\u00e9dition JAPAN TOUCH HARU","description":"Pop, manga, geek zone, jeux vid\u00e9o, mondes imaginaires : D\u00e9couvrez les animations de l'\u00e9dition JAPAN TOUCH HARU \u00e0 Lyon Eurexpo","robots":{"index":"index","follow":"follow","max-snippet":"max-snippet:-1","max-image-preview":"max-image-preview:large","max-video-preview":"max-video-preview:-1"},"canonical":"https:\/\/www.japan-touch.com\/haru\/decouvrez-animations-de-la-japan-touch-haru\/","og_locale":"fr_FR","og_type":"article","og_title":"D\u00e9couvrez les ANIMATIONS de la l'\u00e9dition JAPAN TOUCH HARU","og_description":"Pop, manga, geek zone, jeux vid\u00e9o, mondes imaginaires : D\u00e9couvrez les animations de l'\u00e9dition JAPAN TOUCH HARU \u00e0 Lyon Eurexpo","og_url":"https:\/\/www.japan-touch.com\/haru\/decouvrez-animations-de-la-japan-touch-haru\/","og_site_name":"JAPAN TOUCH Haru","article_modified_time":"2026-03-24T10:52:15+00:00","twitter_card":"summary_large_image","twitter_misc":{"Dur\u00e9e de lecture estim\u00e9e":"2 minutes"},"schema":{"@context":"https:\/\/schema.org","@graph":[{"@type":"WebPage","@id":"https:\/\/www.japan-touch.com\/haru\/decouvrez-animations-de-la-japan-touch-haru\/","url":"https:\/\/www.japan-touch.com\/haru\/decouvrez-animations-de-la-japan-touch-haru\/","name":"D\u00e9couvrez les ANIMATIONS de la l'\u00e9dition JAPAN TOUCH HARU","isPartOf":{"@id":"https:\/\/www.japan-touch.com\/haru\/#website"},"datePublished":"2018-01-05T15:15:49+00:00","dateModified":"2026-03-24T10:52:15+00:00","description":"Pop, manga, geek zone, jeux vid\u00e9o, mondes imaginaires : D\u00e9couvrez les animations de l'\u00e9dition JAPAN TOUCH HARU \u00e0 Lyon Eurexpo","breadcrumb":{"@id":"https:\/\/www.japan-touch.com\/haru\/decouvrez-animations-de-la-japan-touch-haru\/#breadcrumb"},"inLanguage":"fr-FR","potentialAction":[{"@type":"ReadAction","target":["https:\/\/www.japan-touch.com\/haru\/decouvrez-animations-de-la-japan-touch-haru\/"]}]},{"@type":"BreadcrumbList","@id":"https:\/\/www.japan-touch.com\/haru\/decouvrez-animations-de-la-japan-touch-haru\/#breadcrumb","itemListElement":[{"@type":"ListItem","position":1,"name":"Accueil","item":"https:\/\/www.japan-touch.com\/haru\/"},{"@type":"ListItem","position":2,"name":"D\u00e9couvrez les ANIMATIONS de la JAPAN TOUCH HARU"}]},{"@type":"WebSite","@id":"https:\/\/www.japan-touch.com\/haru\/#website","url":"https:\/\/www.japan-touch.com\/haru\/","name":"JAPAN TOUCH Haru","description":"17 et 18 mai 2025","potentialAction":[{"@type":"SearchAction","target":{"@type":"EntryPoint","urlTemplate":"https:\/\/www.japan-touch.com\/haru\/?s={search_term_string}"},"query-input":"required name=search_term_string"}],"inLanguage":"fr-FR"}]}},"_links":{"self":[{"href":"https:\/\/www.japan-touch.com\/haru\/wp-json\/wp\/v2\/pages\/17"}],"collection":[{"href":"https:\/\/www.japan-touch.com\/haru\/wp-json\/wp\/v2\/pages"}],"about":[{"href":"https:\/\/www.japan-touch.com\/haru\/wp-json\/wp\/v2\/types\/page"}],"author":[{"embeddable":true,"href":"https:\/\/www.japan-touch.com\/haru\/wp-json\/wp\/v2\/users\/1"}],"replies":[{"embeddable":true,"href":"https:\/\/www.japan-touch.com\/haru\/wp-json\/wp\/v2\/comments?post=17"}],"version-history":[{"count":30,"href":"https:\/\/www.japan-touch.com\/haru\/wp-json\/wp\/v2\/pages\/17\/revisions"}],"predecessor-version":[{"id":245907,"href":"https:\/\/www.japan-touch.com\/haru\/wp-json\/wp\/v2\/pages\/17\/revisions\/245907"}],"wp:attachment":[{"href":"https:\/\/www.japan-touch.com\/haru\/wp-json\/wp\/v2\/media?parent=17"}],"curies":[{"name":"wp","href":"https:\/\/api.w.org\/{rel}","templated":true}]}}