{"id":25,"date":"2021-06-06T10:08:18","date_gmt":"2021-06-06T08:08:18","guid":{"rendered":"https:\/\/www.japan-touch.com\/brest\/?page_id=15"},"modified":"2025-05-23T13:20:39","modified_gmt":"2025-05-23T11:20:39","slug":"informations-pratiques","status":"publish","type":"page","link":"http:\/\/www.japan-touch.com\/montpellier\/informations-pratiques\/","title":{"rendered":"Informations pratiques"},"content":{"rendered":"<p>[et_pb_section fb_built=\u00a0\u00bb1&Prime; disabled_on=\u00a0\u00bboff|off|off\u00a0\u00bb _builder_version=\u00a0\u00bb4.16&Prime; global_colors_info=\u00a0\u00bb{}\u00a0\u00bb][et_pb_row _builder_version=\u00a0\u00bb4.16&Prime; global_colors_info=\u00a0\u00bb{}\u00a0\u00bb][et_pb_column type=\u00a0\u00bb4_4&Prime; _builder_version=\u00a0\u00bb4.16&Prime; global_colors_info=\u00a0\u00bb{}\u00a0\u00bb][et_pb_text _builder_version=\u00a0\u00bb4.20.1&Prime; quote_font_size=\u00a0\u00bb16px\u00a0\u00bb global_colors_info=\u00a0\u00bb{}\u00a0\u00bb]<\/p>\n<h1>Informations Pratiques<\/h1>\n<p>&nbsp;<\/p>\n<h2>Entr\u00e9e gratuite !<\/h2>\n<p>[\/et_pb_text][\/et_pb_column][\/et_pb_row][et_pb_row column_structure=\u00a0\u00bb1_2,1_2&Prime; _builder_version=\u00a0\u00bb4.16&Prime; global_colors_info=\u00a0\u00bb{}\u00a0\u00bb][et_pb_column type=\u00a0\u00bb1_2&Prime; _builder_version=\u00a0\u00bb4.16&Prime; use_background_color_gradient=\u00a0\u00bbon\u00a0\u00bb background_color_gradient_direction=\u00a0\u00bb151deg\u00a0\u00bb background_color_gradient_stops=\u00a0\u00bbrgba(172,224,249,0.49) 0%|#fff1eb 100%\u00a0\u00bb background_color_gradient_start=\u00a0\u00bbrgba(172,224,249,0.49)\u00a0\u00bb background_color_gradient_end=\u00a0\u00bb#fff1eb\u00a0\u00bb custom_padding=\u00a0\u00bb1em|1em|1em|1em|true|true\u00a0\u00bb animation_style=\u00a0\u00bbslide\u00a0\u00bb animation_direction=\u00a0\u00bbleft\u00a0\u00bb border_color_all=\u00a0\u00bb#d81e50&Prime; box_shadow_style=\u00a0\u00bbpreset3&Prime; global_colors_info=\u00a0\u00bb{}\u00a0\u00bb][et_pb_text _builder_version=\u00a0\u00bb4.24.0&Prime; hover_enabled=\u00a0\u00bb0&Prime; global_colors_info=\u00a0\u00bb{}\u00a0\u00bb sticky_enabled=\u00a0\u00bb0&Prime;]<\/p>\n<h2><i class=\"fas fa-clock fa-1x\" aria-hidden=\"true\"><\/i> HORAIRES<\/h2>\n<p>Samedi 21 juin 2025 : 11h &#8211; 20h<br \/>Dimanche 21 juin 2025 : 11h &#8211; 19h<\/p>\n<p>&nbsp;<\/p>\n<h2><i class=\"fas fa-rocket fa-1x\" aria-hidden=\"true\"><\/i> ACCESSIBILIT\u00c9<\/h2>\n<h3>Comment venir au Tokyo Market Montpellier ?<\/h3>\n<p>&nbsp;<\/p>\n<p><i class=\"fas fa-wheelchair fa-2x\" aria-hidden=\"true\"><\/i> Accessible aux personnes a\u0300 mobilite\u0301 re\u0301duite.<\/p>\n<p><i class=\"fas fa-car fa-2x\" aria-hidden=\"true\"><\/i>\u00a0en <strong>voiture :<\/strong> <span>\u00a0le parc montcalm est \u00e0 14 min du centre-ville, 12 min de la gare Saint-Roch, 20 min de la gare Sud de France et 25 min de l\u2019a\u00e9roport Montpellier M\u00e9diterran\u00e9e.<\/span><\/p>\n<p><i class=\"fas fa-subway fa-2x\" aria-hidden=\"true\"><\/i><span>\u00a0tram : Tram 2<\/span><\/p>\n<p><i class=\"fas fa-bus fa-2x\" aria-hidden=\"true\"><\/i><span>\u00a0<\/span><strong><span class=\"highlight one\">bus<\/span><span> : 15, 17, LA RONDE<\/span><\/strong><\/p>\n<p><i class=\"fas fa-bicycle fa-2x\" aria-hidden=\"true\"><\/i><strong> V\u00e9lo :\u00a0<span>Ve\u0301lomagg<\/span><\/strong><\/p>\n<p>&nbsp;<\/p>\n<h2><i class=\"fas fa-home fa-1x\" aria-hidden=\"true\"><\/i> SE LOGER<\/h2>\n<p><a href=\"http:\/\/www.japan-touch.com\/montpellier\/wp-content\/uploads\/sites\/14\/2024\/06\/HEBERGEMENTS-A-PROXIMITE-DU-PARC-MONTCALM-MONTPELLIER-2024.pdf\">Liste des h\u00f4tels \u00e0 proximit\u00e9 au format PDF<\/a><\/p>\n<p>&nbsp;<\/p>\n<h2><i class=\"fas fa-utensils fa-1x\" aria-hidden=\"true\"><\/i> SE RESTAURER<\/h2>\n<p>\u00e0 venir<\/p>\n<p>[\/et_pb_text][\/et_pb_column][et_pb_column type=\u00a0\u00bb1_2&Prime; _builder_version=\u00a0\u00bb4.16&Prime; animation_style=\u00a0\u00bbfade\u00a0\u00bb animation_duration=\u00a0\u00bb750ms\u00a0\u00bb global_colors_info=\u00a0\u00bb{}\u00a0\u00bb][et_pb_text _builder_version=\u00a0\u00bb4.24.0&Prime; hover_enabled=\u00a0\u00bb0&Prime; global_colors_info=\u00a0\u00bb{}\u00a0\u00bb sticky_enabled=\u00a0\u00bb0&Prime;][\/et_pb_text][\/et_pb_column][\/et_pb_row][\/et_pb_section]<\/p>\n","protected":false},"excerpt":{"rendered":"<p>Informations Pratiques &nbsp; Entr\u00e9e gratuite ! HORAIRES Samedi 21 juin 2025 : 11h &#8211; 20hDimanche 21 juin 2025 : 11h &#8211; 19h &nbsp; ACCESSIBILIT\u00c9 Comment venir au Tokyo Market Montpellier ? &nbsp; Accessible aux personnes a\u0300 mobilite\u0301 re\u0301duite. \u00a0en voiture : \u00a0le parc montcalm est \u00e0 14 min du centre-ville, 12 min de la gare [&hellip;]<\/p>\n","protected":false},"author":1,"featured_media":0,"parent":0,"menu_order":0,"comment_status":"closed","ping_status":"closed","template":"","meta":{"_acf_changed":false,"_et_pb_use_builder":"on","_et_pb_old_content":"","_et_gb_content_width":"","footnotes":""},"acf":[],"yoast_head":"<!-- This site is optimized with the Yoast SEO plugin v22.3 - https:\/\/yoast.com\/wordpress\/plugins\/seo\/ -->\n<title>Informations pratiques - Tokyo market Montpellier<\/title>\n<meta name=\"robots\" content=\"index, follow, max-snippet:-1, max-image-preview:large, max-video-preview:-1\" \/>\n<link rel=\"canonical\" href=\"https:\/\/www.japan-touch.com\/montpellier\/informations-pratiques\/\" \/>\n<meta property=\"og:locale\" content=\"fr_FR\" \/>\n<meta property=\"og:type\" content=\"article\" \/>\n<meta property=\"og:title\" content=\"Informations pratiques - Tokyo market Montpellier\" \/>\n<meta property=\"og:description\" content=\"Informations Pratiques &nbsp; Entr\u00e9e gratuite ! HORAIRES Samedi 21 juin 2025 : 11h - 20hDimanche 21 juin 2025 : 11h - 19h &nbsp; ACCESSIBILIT\u00c9 Comment venir au Tokyo Market Montpellier ? &nbsp; Accessible aux personnes a\u0300 mobilite\u0301 re\u0301duite. \u00a0en voiture : \u00a0le parc montcalm est \u00e0 14 min du centre-ville, 12 min de la gare [&hellip;]\" \/>\n<meta property=\"og:url\" content=\"https:\/\/www.japan-touch.com\/montpellier\/informations-pratiques\/\" \/>\n<meta property=\"og:site_name\" content=\"Tokyo market Montpellier\" \/>\n<meta property=\"article:modified_time\" content=\"2025-05-23T11:20:39+00:00\" \/>\n<meta name=\"twitter:card\" content=\"summary_large_image\" \/>\n<meta name=\"twitter:label1\" content=\"Dur\u00e9e de lecture estim\u00e9e\" \/>\n\t<meta name=\"twitter:data1\" content=\"1 minute\" \/>\n<script type=\"application\/ld+json\" class=\"yoast-schema-graph\">{\"@context\":\"https:\/\/schema.org\",\"@graph\":[{\"@type\":\"WebPage\",\"@id\":\"https:\/\/www.japan-touch.com\/montpellier\/informations-pratiques\/\",\"url\":\"https:\/\/www.japan-touch.com\/montpellier\/informations-pratiques\/\",\"name\":\"Informations pratiques - Tokyo market Montpellier\",\"isPartOf\":{\"@id\":\"https:\/\/www.japan-touch.com\/montpellier\/#website\"},\"datePublished\":\"2021-06-06T08:08:18+00:00\",\"dateModified\":\"2025-05-23T11:20:39+00:00\",\"breadcrumb\":{\"@id\":\"https:\/\/www.japan-touch.com\/montpellier\/informations-pratiques\/#breadcrumb\"},\"inLanguage\":\"fr-FR\",\"potentialAction\":[{\"@type\":\"ReadAction\",\"target\":[\"https:\/\/www.japan-touch.com\/montpellier\/informations-pratiques\/\"]}]},{\"@type\":\"BreadcrumbList\",\"@id\":\"https:\/\/www.japan-touch.com\/montpellier\/informations-pratiques\/#breadcrumb\",\"itemListElement\":[{\"@type\":\"ListItem\",\"position\":1,\"name\":\"Accueil\",\"item\":\"https:\/\/www.japan-touch.com\/montpellier\/\"},{\"@type\":\"ListItem\",\"position\":2,\"name\":\"Informations pratiques\"}]},{\"@type\":\"WebSite\",\"@id\":\"https:\/\/www.japan-touch.com\/montpellier\/#website\",\"url\":\"https:\/\/www.japan-touch.com\/montpellier\/\",\"name\":\"Tokyo market Montpellier\",\"description\":\"\",\"potentialAction\":[{\"@type\":\"SearchAction\",\"target\":{\"@type\":\"EntryPoint\",\"urlTemplate\":\"https:\/\/www.japan-touch.com\/montpellier\/?s={search_term_string}\"},\"query-input\":\"required name=search_term_string\"}],\"inLanguage\":\"fr-FR\"}]}<\/script>\n<!-- \/ Yoast SEO plugin. -->","yoast_head_json":{"title":"Informations pratiques - Tokyo market Montpellier","robots":{"index":"index","follow":"follow","max-snippet":"max-snippet:-1","max-image-preview":"max-image-preview:large","max-video-preview":"max-video-preview:-1"},"canonical":"https:\/\/www.japan-touch.com\/montpellier\/informations-pratiques\/","og_locale":"fr_FR","og_type":"article","og_title":"Informations pratiques - Tokyo market Montpellier","og_description":"Informations Pratiques &nbsp; Entr\u00e9e gratuite ! HORAIRES Samedi 21 juin 2025 : 11h - 20hDimanche 21 juin 2025 : 11h - 19h &nbsp; ACCESSIBILIT\u00c9 Comment venir au Tokyo Market Montpellier ? &nbsp; Accessible aux personnes a\u0300 mobilite\u0301 re\u0301duite. \u00a0en voiture : \u00a0le parc montcalm est \u00e0 14 min du centre-ville, 12 min de la gare [&hellip;]","og_url":"https:\/\/www.japan-touch.com\/montpellier\/informations-pratiques\/","og_site_name":"Tokyo market Montpellier","article_modified_time":"2025-05-23T11:20:39+00:00","twitter_card":"summary_large_image","twitter_misc":{"Dur\u00e9e de lecture estim\u00e9e":"1 minute"},"schema":{"@context":"https:\/\/schema.org","@graph":[{"@type":"WebPage","@id":"https:\/\/www.japan-touch.com\/montpellier\/informations-pratiques\/","url":"https:\/\/www.japan-touch.com\/montpellier\/informations-pratiques\/","name":"Informations pratiques - Tokyo market Montpellier","isPartOf":{"@id":"https:\/\/www.japan-touch.com\/montpellier\/#website"},"datePublished":"2021-06-06T08:08:18+00:00","dateModified":"2025-05-23T11:20:39+00:00","breadcrumb":{"@id":"https:\/\/www.japan-touch.com\/montpellier\/informations-pratiques\/#breadcrumb"},"inLanguage":"fr-FR","potentialAction":[{"@type":"ReadAction","target":["https:\/\/www.japan-touch.com\/montpellier\/informations-pratiques\/"]}]},{"@type":"BreadcrumbList","@id":"https:\/\/www.japan-touch.com\/montpellier\/informations-pratiques\/#breadcrumb","itemListElement":[{"@type":"ListItem","position":1,"name":"Accueil","item":"https:\/\/www.japan-touch.com\/montpellier\/"},{"@type":"ListItem","position":2,"name":"Informations pratiques"}]},{"@type":"WebSite","@id":"https:\/\/www.japan-touch.com\/montpellier\/#website","url":"https:\/\/www.japan-touch.com\/montpellier\/","name":"Tokyo market Montpellier","description":"","potentialAction":[{"@type":"SearchAction","target":{"@type":"EntryPoint","urlTemplate":"https:\/\/www.japan-touch.com\/montpellier\/?s={search_term_string}"},"query-input":"required name=search_term_string"}],"inLanguage":"fr-FR"}]}},"_links":{"self":[{"href":"http:\/\/www.japan-touch.com\/montpellier\/wp-json\/wp\/v2\/pages\/25"}],"collection":[{"href":"http:\/\/www.japan-touch.com\/montpellier\/wp-json\/wp\/v2\/pages"}],"about":[{"href":"http:\/\/www.japan-touch.com\/montpellier\/wp-json\/wp\/v2\/types\/page"}],"author":[{"embeddable":true,"href":"http:\/\/www.japan-touch.com\/montpellier\/wp-json\/wp\/v2\/users\/1"}],"replies":[{"embeddable":true,"href":"http:\/\/www.japan-touch.com\/montpellier\/wp-json\/wp\/v2\/comments?post=25"}],"version-history":[{"count":7,"href":"http:\/\/www.japan-touch.com\/montpellier\/wp-json\/wp\/v2\/pages\/25\/revisions"}],"predecessor-version":[{"id":300,"href":"http:\/\/www.japan-touch.com\/montpellier\/wp-json\/wp\/v2\/pages\/25\/revisions\/300"}],"wp:attachment":[{"href":"http:\/\/www.japan-touch.com\/montpellier\/wp-json\/wp\/v2\/media?parent=25"}],"curies":[{"name":"wp","href":"https:\/\/api.w.org\/{rel}","templated":true}]}}